{"id":45324,"date":"2024-01-23T16:40:50","date_gmt":"2024-01-23T15:40:50","guid":{"rendered":"https:\/\/testsam.dev-osd.at\/produkt\/oesd-certificate-b2-care-and-medical-professions-model-set-brochure\/"},"modified":"2024-01-23T16:40:50","modified_gmt":"2024-01-23T15:40:50","slug":"oesd-certificate-b2-care-and-medical-professions-model-set-brochure","status":"publish","type":"product","link":"https:\/\/testsam.dev-osd.at\/en\/produkt\/oesd-certificate-b2-care-and-medical-professions-model-set-brochure\/","title":{"rendered":"\u00d6SD Certificate B2 care and medical professions: Model set brochure"},"content":{"rendered":"<p>The <strong>\u00d6SD Certificate B2 \/ Nursing and Medical Professions<\/strong> is an examination for learners aged 16 and over, which &#8211; in accordance with the requirements of the <em>Common European Framework of Reference for Languages<\/em> &#8211; is proof of independent language use. This requires language skills that are not only used in everyday life, but also in the (semi-)public and professional areas of nursing and medical staff. <\/p>\n<p><strong>This model kit brochure contains<\/strong><\/p>\n<ul>\n<li>Model set for the \u00d6SD Certificate B2 \/ Care and Medical Professions exam<\/li>\n<li>Associated solutions and transcripts<\/li>\n<li>One error-free sample for each of the writing tasks<\/li>\n<li>Further information on the structure, assessment and implementation of the examination<\/li>\n<\/ul>\n","protected":false},"excerpt":{"rendered":"<p>The \u00d6SD Certificate B2 \/ Nursing and Medical Professions is an examination for learners aged 16 and over, which &#8211; in accordance with the requirements&#8230;<\/p>\n","protected":false},"featured_media":38761,"template":"","meta":[],"product_brand":[],"product_cat":[118],"product_tag":[],"class_list":{"0":"post-45324","1":"product","2":"type-product","3":"status-publish","4":"has-post-thumbnail","6":"product_cat-sammelbogen-en","7":"pa_isbn-978-3-903164-62-8-en","9":"first","10":"instock","11":"taxable","12":"shipping-taxable","13":"purchasable","14":"product-type-variable","15":"has-default-attributes"},"acf":[],"yoast_head":"<!-- This site is optimized with the Yoast SEO plugin v21.9.1 - https:\/\/yoast.com\/wordpress\/plugins\/seo\/ -->\n<title>\u00d6SD Certificate B2 care and medical professions: Model set brochure - \u00d6SD - Webshop<\/title>\n<meta name=\"robots\" content=\"noindex, follow, max-snippet:-1, max-image-preview:large, max-video-preview:-1\" \/>\n<meta property=\"og:locale\" content=\"en_US\" \/>\n<meta property=\"og:type\" content=\"article\" \/>\n<meta property=\"og:title\" content=\"\u00d6SD Certificate B2 care and medical professions: Model set brochure - \u00d6SD - Webshop\" \/>\n<meta property=\"og:description\" content=\"The \u00d6SD Certificate B2 \/ Nursing and Medical Professions is an examination for learners aged 16 and over, which &#8211; in accordance with the requirements...\" \/>\n<meta property=\"og:url\" content=\"https:\/\/testsam.dev-osd.at\/en\/produkt\/oesd-certificate-b2-care-and-medical-professions-model-set-brochure\/\" \/>\n<meta property=\"og:site_name\" content=\"\u00d6SD - Webshop\" \/>\n<meta property=\"og:image\" content=\"https:\/\/testsam.dev-osd.at\/wp-content\/uploads\/2024\/01\/Design-ohne-Titel-4.png\" \/>\n\t<meta property=\"og:image:width\" content=\"905\" \/>\n\t<meta property=\"og:image:height\" content=\"1280\" \/>\n\t<meta property=\"og:image:type\" content=\"image\/png\" \/>\n<meta name=\"twitter:card\" content=\"summary_large_image\" \/>\n<meta name=\"twitter:label1\" content=\"Est. reading time\" \/>\n\t<meta name=\"twitter:data1\" content=\"1 minute\" \/>\n<script type=\"application\/ld+json\" class=\"yoast-schema-graph\">{\"@context\":\"https:\/\/schema.org\",\"@graph\":[{\"@type\":\"WebPage\",\"@id\":\"https:\/\/testsam.dev-osd.at\/en\/produkt\/oesd-certificate-b2-care-and-medical-professions-model-set-brochure\/\",\"url\":\"https:\/\/testsam.dev-osd.at\/en\/produkt\/oesd-certificate-b2-care-and-medical-professions-model-set-brochure\/\",\"name\":\"\u00d6SD Certificate B2 care and medical professions: Model set brochure - \u00d6SD - Webshop\",\"isPartOf\":{\"@id\":\"https:\/\/testsam.dev-osd.at\/en\/#website\"},\"datePublished\":\"2024-01-23T15:40:50+00:00\",\"dateModified\":\"2024-01-23T15:40:50+00:00\",\"breadcrumb\":{\"@id\":\"https:\/\/testsam.dev-osd.at\/en\/produkt\/oesd-certificate-b2-care-and-medical-professions-model-set-brochure\/#breadcrumb\"},\"inLanguage\":\"en-US\",\"potentialAction\":[{\"@type\":\"ReadAction\",\"target\":[\"https:\/\/testsam.dev-osd.at\/en\/produkt\/oesd-certificate-b2-care-and-medical-professions-model-set-brochure\/\"]}]},{\"@type\":\"BreadcrumbList\",\"@id\":\"https:\/\/testsam.dev-osd.at\/en\/produkt\/oesd-certificate-b2-care-and-medical-professions-model-set-brochure\/#breadcrumb\",\"itemListElement\":[{\"@type\":\"ListItem\",\"position\":1,\"name\":\"Shop\",\"item\":\"https:\/\/testsam.dev-osd.at\/en\/shop-2\/\"},{\"@type\":\"ListItem\",\"position\":2,\"name\":\"\u00d6SD Certificate B2 care and medical professions: Model set brochure\"}]},{\"@type\":\"WebSite\",\"@id\":\"https:\/\/testsam.dev-osd.at\/en\/#website\",\"url\":\"https:\/\/testsam.dev-osd.at\/en\/\",\"name\":\"\u00d6SD - Webshop\",\"description\":\"\",\"potentialAction\":[{\"@type\":\"SearchAction\",\"target\":{\"@type\":\"EntryPoint\",\"urlTemplate\":\"https:\/\/testsam.dev-osd.at\/en\/?s={search_term_string}\"},\"query-input\":\"required name=search_term_string\"}],\"inLanguage\":\"en-US\"}]}<\/script>\n<!-- \/ Yoast SEO plugin. -->","yoast_head_json":{"title":"\u00d6SD Certificate B2 care and medical professions: Model set brochure - \u00d6SD - Webshop","robots":{"index":"noindex","follow":"follow","max-snippet":"max-snippet:-1","max-image-preview":"max-image-preview:large","max-video-preview":"max-video-preview:-1"},"og_locale":"en_US","og_type":"article","og_title":"\u00d6SD Certificate B2 care and medical professions: Model set brochure - \u00d6SD - Webshop","og_description":"The \u00d6SD Certificate B2 \/ Nursing and Medical Professions is an examination for learners aged 16 and over, which &#8211; in accordance with the requirements...","og_url":"https:\/\/testsam.dev-osd.at\/en\/produkt\/oesd-certificate-b2-care-and-medical-professions-model-set-brochure\/","og_site_name":"\u00d6SD - Webshop","og_image":[{"width":905,"height":1280,"url":"https:\/\/testsam.dev-osd.at\/wp-content\/uploads\/2024\/01\/Design-ohne-Titel-4.png","type":"image\/png"}],"twitter_card":"summary_large_image","twitter_misc":{"Est. reading time":"1 minute"},"schema":{"@context":"https:\/\/schema.org","@graph":[{"@type":"WebPage","@id":"https:\/\/testsam.dev-osd.at\/en\/produkt\/oesd-certificate-b2-care-and-medical-professions-model-set-brochure\/","url":"https:\/\/testsam.dev-osd.at\/en\/produkt\/oesd-certificate-b2-care-and-medical-professions-model-set-brochure\/","name":"\u00d6SD Certificate B2 care and medical professions: Model set brochure - \u00d6SD - Webshop","isPartOf":{"@id":"https:\/\/testsam.dev-osd.at\/en\/#website"},"datePublished":"2024-01-23T15:40:50+00:00","dateModified":"2024-01-23T15:40:50+00:00","breadcrumb":{"@id":"https:\/\/testsam.dev-osd.at\/en\/produkt\/oesd-certificate-b2-care-and-medical-professions-model-set-brochure\/#breadcrumb"},"inLanguage":"en-US","potentialAction":[{"@type":"ReadAction","target":["https:\/\/testsam.dev-osd.at\/en\/produkt\/oesd-certificate-b2-care-and-medical-professions-model-set-brochure\/"]}]},{"@type":"BreadcrumbList","@id":"https:\/\/testsam.dev-osd.at\/en\/produkt\/oesd-certificate-b2-care-and-medical-professions-model-set-brochure\/#breadcrumb","itemListElement":[{"@type":"ListItem","position":1,"name":"Shop","item":"https:\/\/testsam.dev-osd.at\/en\/shop-2\/"},{"@type":"ListItem","position":2,"name":"\u00d6SD Certificate B2 care and medical professions: Model set brochure"}]},{"@type":"WebSite","@id":"https:\/\/testsam.dev-osd.at\/en\/#website","url":"https:\/\/testsam.dev-osd.at\/en\/","name":"\u00d6SD - Webshop","description":"","potentialAction":[{"@type":"SearchAction","target":{"@type":"EntryPoint","urlTemplate":"https:\/\/testsam.dev-osd.at\/en\/?s={search_term_string}"},"query-input":"required name=search_term_string"}],"inLanguage":"en-US"}]}},"_links":{"self":[{"href":"https:\/\/testsam.dev-osd.at\/en\/wp-json\/wp\/v2\/product\/45324","targetHints":{"allow":["GET"]}}],"collection":[{"href":"https:\/\/testsam.dev-osd.at\/en\/wp-json\/wp\/v2\/product"}],"about":[{"href":"https:\/\/testsam.dev-osd.at\/en\/wp-json\/wp\/v2\/types\/product"}],"wp:featuredmedia":[{"embeddable":true,"href":"https:\/\/testsam.dev-osd.at\/en\/wp-json\/wp\/v2\/media\/38761"}],"wp:attachment":[{"href":"https:\/\/testsam.dev-osd.at\/en\/wp-json\/wp\/v2\/media?parent=45324"}],"wp:term":[{"taxonomy":"product_brand","embeddable":true,"href":"https:\/\/testsam.dev-osd.at\/en\/wp-json\/wp\/v2\/product_brand?post=45324"},{"taxonomy":"product_cat","embeddable":true,"href":"https:\/\/testsam.dev-osd.at\/en\/wp-json\/wp\/v2\/product_cat?post=45324"},{"taxonomy":"product_tag","embeddable":true,"href":"https:\/\/testsam.dev-osd.at\/en\/wp-json\/wp\/v2\/product_tag?post=45324"}],"curies":[{"name":"wp","href":"https:\/\/api.w.org\/{rel}","templated":true}]}}