{"id":41939,"date":"2024-07-17T13:46:01","date_gmt":"2024-07-17T11:46:01","guid":{"rendered":"https:\/\/testsam.dev-osd.at\/?post_type=product&#038;p=41939"},"modified":"2024-08-28T18:00:26","modified_gmt":"2024-08-28T16:00:26","slug":"oesd-za1-english-version-of-the-exercise-materials-vol-1-kopie-kopie-kopie","status":"publish","type":"product","link":"https:\/\/testsam.dev-osd.at\/en\/produkt\/oesd-za1-english-version-of-the-exercise-materials-vol-1-kopie-kopie-kopie\/","title":{"rendered":"\u00d6SD ZA1 Slovenian version of the practice materials volume 1"},"content":{"rendered":"<p>With this practice book you can optimally prepare for the exam \u00d6SD Zertifikat A1 as well as for the exam variant \u00d6SD Zertifikat A1 \/ Austria. You will receive helpful information on test formats, the examination process, evaluation criteria, etc.<\/p>\n","protected":false},"excerpt":{"rendered":"<p>With this practice book you can optimally prepare for the exam \u00d6SD Zertifikat A1 as well as for the exam variant \u00d6SD Zertifikat A1 \/&#8230;<\/p>\n","protected":false},"featured_media":41944,"template":"","meta":[],"product_brand":[],"product_cat":[122,123],"product_tag":[126],"class_list":{"0":"post-41939","1":"product","2":"type-product","3":"status-publish","4":"has-post-thumbnail","6":"product_cat-materialien-en","7":"product_cat-practice-material","8":"product_tag-za1-en","9":"pa_isbn-978-3-903164-17-8","11":"first","12":"instock","13":"taxable","14":"shipping-taxable","15":"purchasable","16":"product-type-variable","17":"has-default-attributes"},"acf":[],"yoast_head":"<!-- This site is optimized with the Yoast SEO plugin v21.9.1 - https:\/\/yoast.com\/wordpress\/plugins\/seo\/ -->\n<title>\u00d6SD ZA1 Slovenian version of the practice materials volume 1 - \u00d6SD - Webshop<\/title>\n<meta name=\"robots\" content=\"noindex, follow, max-snippet:-1, max-image-preview:large, max-video-preview:-1\" \/>\n<meta property=\"og:locale\" content=\"en_US\" \/>\n<meta property=\"og:type\" content=\"article\" \/>\n<meta property=\"og:title\" content=\"\u00d6SD ZA1 Slovenian version of the practice materials volume 1 - \u00d6SD - Webshop\" \/>\n<meta property=\"og:description\" content=\"With this practice book you can optimally prepare for the exam \u00d6SD Zertifikat A1 as well as for the exam variant \u00d6SD Zertifikat A1 \/...\" \/>\n<meta property=\"og:url\" content=\"https:\/\/testsam.dev-osd.at\/en\/produkt\/oesd-za1-english-version-of-the-exercise-materials-vol-1-kopie-kopie-kopie\/\" \/>\n<meta property=\"og:site_name\" content=\"\u00d6SD - Webshop\" \/>\n<meta property=\"article:modified_time\" content=\"2024-08-28T16:00:26+00:00\" \/>\n<meta property=\"og:image\" content=\"https:\/\/testsam.dev-osd.at\/wp-content\/uploads\/2024\/07\/Cover-Uebungsmaterialien-Band-1_SL_WEB_page-0001.jpg\" \/>\n\t<meta property=\"og:image:width\" content=\"1241\" \/>\n\t<meta property=\"og:image:height\" content=\"1755\" \/>\n\t<meta property=\"og:image:type\" content=\"image\/jpeg\" \/>\n<meta name=\"twitter:card\" content=\"summary_large_image\" \/>\n<meta name=\"twitter:label1\" content=\"Est. reading time\" \/>\n\t<meta name=\"twitter:data1\" content=\"1 minute\" \/>\n<script type=\"application\/ld+json\" class=\"yoast-schema-graph\">{\"@context\":\"https:\/\/schema.org\",\"@graph\":[{\"@type\":\"WebPage\",\"@id\":\"https:\/\/testsam.dev-osd.at\/en\/produkt\/oesd-za1-english-version-of-the-exercise-materials-vol-1-kopie-kopie-kopie\/\",\"url\":\"https:\/\/testsam.dev-osd.at\/en\/produkt\/oesd-za1-english-version-of-the-exercise-materials-vol-1-kopie-kopie-kopie\/\",\"name\":\"\u00d6SD ZA1 Slovenian version of the practice materials volume 1 - \u00d6SD - Webshop\",\"isPartOf\":{\"@id\":\"https:\/\/testsam.dev-osd.at\/en\/#website\"},\"datePublished\":\"2024-07-17T11:46:01+00:00\",\"dateModified\":\"2024-08-28T16:00:26+00:00\",\"breadcrumb\":{\"@id\":\"https:\/\/testsam.dev-osd.at\/en\/produkt\/oesd-za1-english-version-of-the-exercise-materials-vol-1-kopie-kopie-kopie\/#breadcrumb\"},\"inLanguage\":\"en-US\",\"potentialAction\":[{\"@type\":\"ReadAction\",\"target\":[\"https:\/\/testsam.dev-osd.at\/en\/produkt\/oesd-za1-english-version-of-the-exercise-materials-vol-1-kopie-kopie-kopie\/\"]}]},{\"@type\":\"BreadcrumbList\",\"@id\":\"https:\/\/testsam.dev-osd.at\/en\/produkt\/oesd-za1-english-version-of-the-exercise-materials-vol-1-kopie-kopie-kopie\/#breadcrumb\",\"itemListElement\":[{\"@type\":\"ListItem\",\"position\":1,\"name\":\"Shop\",\"item\":\"https:\/\/testsam.dev-osd.at\/en\/shop-2\/\"},{\"@type\":\"ListItem\",\"position\":2,\"name\":\"\u00d6SD ZA1 Slovenian version of the practice materials volume 1\"}]},{\"@type\":\"WebSite\",\"@id\":\"https:\/\/testsam.dev-osd.at\/en\/#website\",\"url\":\"https:\/\/testsam.dev-osd.at\/en\/\",\"name\":\"\u00d6SD - Webshop\",\"description\":\"\",\"potentialAction\":[{\"@type\":\"SearchAction\",\"target\":{\"@type\":\"EntryPoint\",\"urlTemplate\":\"https:\/\/testsam.dev-osd.at\/en\/?s={search_term_string}\"},\"query-input\":\"required name=search_term_string\"}],\"inLanguage\":\"en-US\"}]}<\/script>\n<!-- \/ Yoast SEO plugin. -->","yoast_head_json":{"title":"\u00d6SD ZA1 Slovenian version of the practice materials volume 1 - \u00d6SD - Webshop","robots":{"index":"noindex","follow":"follow","max-snippet":"max-snippet:-1","max-image-preview":"max-image-preview:large","max-video-preview":"max-video-preview:-1"},"og_locale":"en_US","og_type":"article","og_title":"\u00d6SD ZA1 Slovenian version of the practice materials volume 1 - \u00d6SD - Webshop","og_description":"With this practice book you can optimally prepare for the exam \u00d6SD Zertifikat A1 as well as for the exam variant \u00d6SD Zertifikat A1 \/...","og_url":"https:\/\/testsam.dev-osd.at\/en\/produkt\/oesd-za1-english-version-of-the-exercise-materials-vol-1-kopie-kopie-kopie\/","og_site_name":"\u00d6SD - Webshop","article_modified_time":"2024-08-28T16:00:26+00:00","og_image":[{"width":1241,"height":1755,"url":"https:\/\/testsam.dev-osd.at\/wp-content\/uploads\/2024\/07\/Cover-Uebungsmaterialien-Band-1_SL_WEB_page-0001.jpg","type":"image\/jpeg"}],"twitter_card":"summary_large_image","twitter_misc":{"Est. reading time":"1 minute"},"schema":{"@context":"https:\/\/schema.org","@graph":[{"@type":"WebPage","@id":"https:\/\/testsam.dev-osd.at\/en\/produkt\/oesd-za1-english-version-of-the-exercise-materials-vol-1-kopie-kopie-kopie\/","url":"https:\/\/testsam.dev-osd.at\/en\/produkt\/oesd-za1-english-version-of-the-exercise-materials-vol-1-kopie-kopie-kopie\/","name":"\u00d6SD ZA1 Slovenian version of the practice materials volume 1 - \u00d6SD - Webshop","isPartOf":{"@id":"https:\/\/testsam.dev-osd.at\/en\/#website"},"datePublished":"2024-07-17T11:46:01+00:00","dateModified":"2024-08-28T16:00:26+00:00","breadcrumb":{"@id":"https:\/\/testsam.dev-osd.at\/en\/produkt\/oesd-za1-english-version-of-the-exercise-materials-vol-1-kopie-kopie-kopie\/#breadcrumb"},"inLanguage":"en-US","potentialAction":[{"@type":"ReadAction","target":["https:\/\/testsam.dev-osd.at\/en\/produkt\/oesd-za1-english-version-of-the-exercise-materials-vol-1-kopie-kopie-kopie\/"]}]},{"@type":"BreadcrumbList","@id":"https:\/\/testsam.dev-osd.at\/en\/produkt\/oesd-za1-english-version-of-the-exercise-materials-vol-1-kopie-kopie-kopie\/#breadcrumb","itemListElement":[{"@type":"ListItem","position":1,"name":"Shop","item":"https:\/\/testsam.dev-osd.at\/en\/shop-2\/"},{"@type":"ListItem","position":2,"name":"\u00d6SD ZA1 Slovenian version of the practice materials volume 1"}]},{"@type":"WebSite","@id":"https:\/\/testsam.dev-osd.at\/en\/#website","url":"https:\/\/testsam.dev-osd.at\/en\/","name":"\u00d6SD - Webshop","description":"","potentialAction":[{"@type":"SearchAction","target":{"@type":"EntryPoint","urlTemplate":"https:\/\/testsam.dev-osd.at\/en\/?s={search_term_string}"},"query-input":"required name=search_term_string"}],"inLanguage":"en-US"}]}},"_links":{"self":[{"href":"https:\/\/testsam.dev-osd.at\/en\/wp-json\/wp\/v2\/product\/41939","targetHints":{"allow":["GET"]}}],"collection":[{"href":"https:\/\/testsam.dev-osd.at\/en\/wp-json\/wp\/v2\/product"}],"about":[{"href":"https:\/\/testsam.dev-osd.at\/en\/wp-json\/wp\/v2\/types\/product"}],"wp:featuredmedia":[{"embeddable":true,"href":"https:\/\/testsam.dev-osd.at\/en\/wp-json\/wp\/v2\/media\/41944"}],"wp:attachment":[{"href":"https:\/\/testsam.dev-osd.at\/en\/wp-json\/wp\/v2\/media?parent=41939"}],"wp:term":[{"taxonomy":"product_brand","embeddable":true,"href":"https:\/\/testsam.dev-osd.at\/en\/wp-json\/wp\/v2\/product_brand?post=41939"},{"taxonomy":"product_cat","embeddable":true,"href":"https:\/\/testsam.dev-osd.at\/en\/wp-json\/wp\/v2\/product_cat?post=41939"},{"taxonomy":"product_tag","embeddable":true,"href":"https:\/\/testsam.dev-osd.at\/en\/wp-json\/wp\/v2\/product_tag?post=41939"}],"curies":[{"name":"wp","href":"https:\/\/api.w.org\/{rel}","templated":true}]}}