{"id":39058,"date":"2024-02-14T17:07:52","date_gmt":"2024-02-14T16:07:52","guid":{"rendered":"https:\/\/testsam.dev-osd.at\/?post_type=product&#038;p=39058"},"modified":"2024-10-17T13:50:21","modified_gmt":"2024-10-17T11:50:21","slug":"oesd-zc2-wd-modellsatz","status":"publish","type":"product","link":"https:\/\/testsam.dev-osd.at\/en\/produkt\/oesd-zc2-wd-modellsatz\/","title":{"rendered":"\u00d6SD ZC2\/WD Modellsatz"},"content":{"rendered":"<p>F\u00fcr die Pr\u00fcfung \u00d6SD Zertifikat C2 \/ Wirtschaftssprache Deutsch sollten die Teilnehmenden f\u00e4hig sein, in Situationen des Wirtschafts- und Berufslebens auch in komplexeren Zusammenh\u00e4ngen zu kommunizieren.<\/p>\n<p>Mit dieser Pr\u00fcfung weisen Deutschlernende allgemeinsprachliche und fachsprachliche Kompetenz nach, die sich durch ein sehr hohes Ma\u00df an Korrektheit und situationsspezifischer Angemessenheit auszeichnet.<\/p>\n","protected":false},"excerpt":{"rendered":"<p>F\u00fcr die Pr\u00fcfung \u00d6SD Zertifikat C2 \/ Wirtschaftssprache Deutsch sollten die Teilnehmenden f\u00e4hig sein, in Situationen des Wirtschafts- und Berufslebens auch in komplexeren Zusammenh\u00e4ngen zu&#8230;<\/p>\n","protected":false},"featured_media":39178,"template":"","meta":[],"product_brand":[],"product_cat":[65],"product_tag":[],"class_list":{"0":"post-39058","1":"product","2":"type-product","3":"status-publish","4":"has-post-thumbnail","6":"product_cat-sammelbogen","7":"pa_isbn-978-3-902440-59-4","9":"first","10":"instock","11":"taxable","12":"shipping-taxable","13":"purchasable","14":"product-type-variable"},"acf":[],"yoast_head":"<!-- This site is optimized with the Yoast SEO plugin v21.9.1 - https:\/\/yoast.com\/wordpress\/plugins\/seo\/ -->\n<title>\u00d6SD ZC2\/WD Modellsatz - \u00d6SD - Webshop<\/title>\n<meta name=\"robots\" content=\"noindex, follow, max-snippet:-1, max-image-preview:large, max-video-preview:-1\" \/>\n<meta property=\"og:locale\" content=\"en_US\" \/>\n<meta property=\"og:type\" content=\"article\" \/>\n<meta property=\"og:title\" content=\"\u00d6SD ZC2\/WD Modellsatz - \u00d6SD - Webshop\" \/>\n<meta property=\"og:description\" content=\"F\u00fcr die Pr\u00fcfung \u00d6SD Zertifikat C2 \/ Wirtschaftssprache Deutsch sollten die Teilnehmenden f\u00e4hig sein, in Situationen des Wirtschafts- und Berufslebens auch in komplexeren Zusammenh\u00e4ngen zu...\" \/>\n<meta property=\"og:url\" content=\"https:\/\/testsam.dev-osd.at\/en\/produkt\/oesd-zc2-wd-modellsatz\/\" \/>\n<meta property=\"og:site_name\" content=\"\u00d6SD - Webshop\" \/>\n<meta property=\"article:modified_time\" content=\"2024-10-17T11:50:21+00:00\" \/>\n<meta property=\"og:image\" content=\"https:\/\/testsam.dev-osd.at\/wp-content\/uploads\/2024\/02\/ZC2-WD-Cover-M.png\" \/>\n\t<meta property=\"og:image:width\" content=\"1470\" \/>\n\t<meta property=\"og:image:height\" content=\"2084\" \/>\n\t<meta property=\"og:image:type\" content=\"image\/png\" \/>\n<meta name=\"twitter:card\" content=\"summary_large_image\" \/>\n<meta name=\"twitter:label1\" content=\"Est. reading time\" \/>\n\t<meta name=\"twitter:data1\" content=\"1 minute\" \/>\n<script type=\"application\/ld+json\" class=\"yoast-schema-graph\">{\"@context\":\"https:\/\/schema.org\",\"@graph\":[{\"@type\":\"WebPage\",\"@id\":\"https:\/\/testsam.dev-osd.at\/en\/produkt\/oesd-zc2-wd-modellsatz\/\",\"url\":\"https:\/\/testsam.dev-osd.at\/en\/produkt\/oesd-zc2-wd-modellsatz\/\",\"name\":\"\u00d6SD ZC2\/WD Modellsatz - \u00d6SD - Webshop\",\"isPartOf\":{\"@id\":\"https:\/\/testsam.dev-osd.at\/en\/#website\"},\"datePublished\":\"2024-02-14T16:07:52+00:00\",\"dateModified\":\"2024-10-17T11:50:21+00:00\",\"breadcrumb\":{\"@id\":\"https:\/\/testsam.dev-osd.at\/en\/produkt\/oesd-zc2-wd-modellsatz\/#breadcrumb\"},\"inLanguage\":\"en-US\",\"potentialAction\":[{\"@type\":\"ReadAction\",\"target\":[\"https:\/\/testsam.dev-osd.at\/en\/produkt\/oesd-zc2-wd-modellsatz\/\"]}]},{\"@type\":\"BreadcrumbList\",\"@id\":\"https:\/\/testsam.dev-osd.at\/en\/produkt\/oesd-zc2-wd-modellsatz\/#breadcrumb\",\"itemListElement\":[{\"@type\":\"ListItem\",\"position\":1,\"name\":\"Shop\",\"item\":\"https:\/\/testsam.dev-osd.at\/en\/shop-2\/\"},{\"@type\":\"ListItem\",\"position\":2,\"name\":\"\u00d6SD ZC2\/WD Modellsatz\"}]},{\"@type\":\"WebSite\",\"@id\":\"https:\/\/testsam.dev-osd.at\/en\/#website\",\"url\":\"https:\/\/testsam.dev-osd.at\/en\/\",\"name\":\"\u00d6SD - Webshop\",\"description\":\"\",\"potentialAction\":[{\"@type\":\"SearchAction\",\"target\":{\"@type\":\"EntryPoint\",\"urlTemplate\":\"https:\/\/testsam.dev-osd.at\/en\/?s={search_term_string}\"},\"query-input\":\"required name=search_term_string\"}],\"inLanguage\":\"en-US\"}]}<\/script>\n<!-- \/ Yoast SEO plugin. -->","yoast_head_json":{"title":"\u00d6SD ZC2\/WD Modellsatz - \u00d6SD - Webshop","robots":{"index":"noindex","follow":"follow","max-snippet":"max-snippet:-1","max-image-preview":"max-image-preview:large","max-video-preview":"max-video-preview:-1"},"og_locale":"en_US","og_type":"article","og_title":"\u00d6SD ZC2\/WD Modellsatz - \u00d6SD - Webshop","og_description":"F\u00fcr die Pr\u00fcfung \u00d6SD Zertifikat C2 \/ Wirtschaftssprache Deutsch sollten die Teilnehmenden f\u00e4hig sein, in Situationen des Wirtschafts- und Berufslebens auch in komplexeren Zusammenh\u00e4ngen zu...","og_url":"https:\/\/testsam.dev-osd.at\/en\/produkt\/oesd-zc2-wd-modellsatz\/","og_site_name":"\u00d6SD - Webshop","article_modified_time":"2024-10-17T11:50:21+00:00","og_image":[{"width":1470,"height":2084,"url":"https:\/\/testsam.dev-osd.at\/wp-content\/uploads\/2024\/02\/ZC2-WD-Cover-M.png","type":"image\/png"}],"twitter_card":"summary_large_image","twitter_misc":{"Est. reading time":"1 minute"},"schema":{"@context":"https:\/\/schema.org","@graph":[{"@type":"WebPage","@id":"https:\/\/testsam.dev-osd.at\/en\/produkt\/oesd-zc2-wd-modellsatz\/","url":"https:\/\/testsam.dev-osd.at\/en\/produkt\/oesd-zc2-wd-modellsatz\/","name":"\u00d6SD ZC2\/WD Modellsatz - \u00d6SD - Webshop","isPartOf":{"@id":"https:\/\/testsam.dev-osd.at\/en\/#website"},"datePublished":"2024-02-14T16:07:52+00:00","dateModified":"2024-10-17T11:50:21+00:00","breadcrumb":{"@id":"https:\/\/testsam.dev-osd.at\/en\/produkt\/oesd-zc2-wd-modellsatz\/#breadcrumb"},"inLanguage":"en-US","potentialAction":[{"@type":"ReadAction","target":["https:\/\/testsam.dev-osd.at\/en\/produkt\/oesd-zc2-wd-modellsatz\/"]}]},{"@type":"BreadcrumbList","@id":"https:\/\/testsam.dev-osd.at\/en\/produkt\/oesd-zc2-wd-modellsatz\/#breadcrumb","itemListElement":[{"@type":"ListItem","position":1,"name":"Shop","item":"https:\/\/testsam.dev-osd.at\/en\/shop-2\/"},{"@type":"ListItem","position":2,"name":"\u00d6SD ZC2\/WD Modellsatz"}]},{"@type":"WebSite","@id":"https:\/\/testsam.dev-osd.at\/en\/#website","url":"https:\/\/testsam.dev-osd.at\/en\/","name":"\u00d6SD - Webshop","description":"","potentialAction":[{"@type":"SearchAction","target":{"@type":"EntryPoint","urlTemplate":"https:\/\/testsam.dev-osd.at\/en\/?s={search_term_string}"},"query-input":"required name=search_term_string"}],"inLanguage":"en-US"}]}},"_links":{"self":[{"href":"https:\/\/testsam.dev-osd.at\/en\/wp-json\/wp\/v2\/product\/39058","targetHints":{"allow":["GET"]}}],"collection":[{"href":"https:\/\/testsam.dev-osd.at\/en\/wp-json\/wp\/v2\/product"}],"about":[{"href":"https:\/\/testsam.dev-osd.at\/en\/wp-json\/wp\/v2\/types\/product"}],"wp:featuredmedia":[{"embeddable":true,"href":"https:\/\/testsam.dev-osd.at\/en\/wp-json\/wp\/v2\/media\/39178"}],"wp:attachment":[{"href":"https:\/\/testsam.dev-osd.at\/en\/wp-json\/wp\/v2\/media?parent=39058"}],"wp:term":[{"taxonomy":"product_brand","embeddable":true,"href":"https:\/\/testsam.dev-osd.at\/en\/wp-json\/wp\/v2\/product_brand?post=39058"},{"taxonomy":"product_cat","embeddable":true,"href":"https:\/\/testsam.dev-osd.at\/en\/wp-json\/wp\/v2\/product_cat?post=39058"},{"taxonomy":"product_tag","embeddable":true,"href":"https:\/\/testsam.dev-osd.at\/en\/wp-json\/wp\/v2\/product_tag?post=39058"}],"curies":[{"name":"wp","href":"https:\/\/api.w.org\/{rel}","templated":true}]}}