{"id":39053,"date":"2024-02-14T15:31:18","date_gmt":"2024-02-14T14:31:18","guid":{"rendered":"https:\/\/testsam.dev-osd.at\/?post_type=product&#038;p=39053"},"modified":"2024-10-17T13:49:27","modified_gmt":"2024-10-17T11:49:27","slug":"zc2-wd-modellsatz-audiodateien","status":"publish","type":"product","link":"https:\/\/testsam.dev-osd.at\/en\/produkt\/zc2-wd-modellsatz-audiodateien\/","title":{"rendered":"ZC2\/WD Modellsatz Audiodateien"},"content":{"rendered":"<p><strong>Dieser Download enth\u00e4lt:<\/strong><\/p>\n<p>Eine ZIP-Datei mit:<\/p>\n<ul>\n<li>den H\u00f6rtexten als einzelne mp3-Tracks<\/li>\n<\/ul>\n","protected":false},"excerpt":{"rendered":"<p>Dieser Download enth\u00e4lt: Eine ZIP-Datei mit: den H\u00f6rtexten als einzelne mp3-Tracks<\/p>\n","protected":false},"featured_media":29553,"template":"","meta":[],"product_brand":[],"product_cat":[104],"product_tag":[],"class_list":{"0":"post-39053","1":"product","2":"type-product","3":"status-publish","4":"has-post-thumbnail","6":"product_cat-audio","8":"first","9":"instock","10":"downloadable","11":"virtual","12":"sold-individually","13":"purchasable","14":"product-type-simple"},"acf":[],"yoast_head":"<!-- This site is optimized with the Yoast SEO plugin v21.9.1 - https:\/\/yoast.com\/wordpress\/plugins\/seo\/ -->\n<title>ZC2\/WD Modellsatz Audiodateien - \u00d6SD - Webshop<\/title>\n<meta name=\"robots\" content=\"noindex, follow, max-snippet:-1, max-image-preview:large, max-video-preview:-1\" \/>\n<meta property=\"og:locale\" content=\"en_US\" \/>\n<meta property=\"og:type\" content=\"article\" \/>\n<meta property=\"og:title\" content=\"ZC2\/WD Modellsatz Audiodateien - \u00d6SD - Webshop\" \/>\n<meta property=\"og:description\" content=\"Dieser Download enth\u00e4lt: Eine ZIP-Datei mit: den H\u00f6rtexten als einzelne mp3-Tracks\" \/>\n<meta property=\"og:url\" content=\"https:\/\/testsam.dev-osd.at\/en\/produkt\/zc2-wd-modellsatz-audiodateien\/\" \/>\n<meta property=\"og:site_name\" content=\"\u00d6SD - Webshop\" \/>\n<meta property=\"article:modified_time\" content=\"2024-10-17T11:49:27+00:00\" \/>\n<meta name=\"twitter:card\" content=\"summary_large_image\" \/>\n<meta name=\"twitter:image\" content=\"https:\/\/testsam.dev-osd.at\/wp-content\/uploads\/2021\/07\/icon-ZC2-1.svg\" \/>\n<meta name=\"twitter:label1\" content=\"Est. reading time\" \/>\n\t<meta name=\"twitter:data1\" content=\"1 minute\" \/>\n<script type=\"application\/ld+json\" class=\"yoast-schema-graph\">{\"@context\":\"https:\/\/schema.org\",\"@graph\":[{\"@type\":\"WebPage\",\"@id\":\"https:\/\/testsam.dev-osd.at\/en\/produkt\/zc2-wd-modellsatz-audiodateien\/\",\"url\":\"https:\/\/testsam.dev-osd.at\/en\/produkt\/zc2-wd-modellsatz-audiodateien\/\",\"name\":\"ZC2\/WD Modellsatz Audiodateien - \u00d6SD - Webshop\",\"isPartOf\":{\"@id\":\"https:\/\/testsam.dev-osd.at\/en\/#website\"},\"datePublished\":\"2024-02-14T14:31:18+00:00\",\"dateModified\":\"2024-10-17T11:49:27+00:00\",\"breadcrumb\":{\"@id\":\"https:\/\/testsam.dev-osd.at\/en\/produkt\/zc2-wd-modellsatz-audiodateien\/#breadcrumb\"},\"inLanguage\":\"en-US\",\"potentialAction\":[{\"@type\":\"ReadAction\",\"target\":[\"https:\/\/testsam.dev-osd.at\/en\/produkt\/zc2-wd-modellsatz-audiodateien\/\"]}]},{\"@type\":\"BreadcrumbList\",\"@id\":\"https:\/\/testsam.dev-osd.at\/en\/produkt\/zc2-wd-modellsatz-audiodateien\/#breadcrumb\",\"itemListElement\":[{\"@type\":\"ListItem\",\"position\":1,\"name\":\"Shop\",\"item\":\"https:\/\/testsam.dev-osd.at\/en\/shop-2\/\"},{\"@type\":\"ListItem\",\"position\":2,\"name\":\"ZC2\/WD Modellsatz Audiodateien\"}]},{\"@type\":\"WebSite\",\"@id\":\"https:\/\/testsam.dev-osd.at\/en\/#website\",\"url\":\"https:\/\/testsam.dev-osd.at\/en\/\",\"name\":\"\u00d6SD - Webshop\",\"description\":\"\",\"potentialAction\":[{\"@type\":\"SearchAction\",\"target\":{\"@type\":\"EntryPoint\",\"urlTemplate\":\"https:\/\/testsam.dev-osd.at\/en\/?s={search_term_string}\"},\"query-input\":\"required name=search_term_string\"}],\"inLanguage\":\"en-US\"}]}<\/script>\n<!-- \/ Yoast SEO plugin. -->","yoast_head_json":{"title":"ZC2\/WD Modellsatz Audiodateien - \u00d6SD - Webshop","robots":{"index":"noindex","follow":"follow","max-snippet":"max-snippet:-1","max-image-preview":"max-image-preview:large","max-video-preview":"max-video-preview:-1"},"og_locale":"en_US","og_type":"article","og_title":"ZC2\/WD Modellsatz Audiodateien - \u00d6SD - Webshop","og_description":"Dieser Download enth\u00e4lt: Eine ZIP-Datei mit: den H\u00f6rtexten als einzelne mp3-Tracks","og_url":"https:\/\/testsam.dev-osd.at\/en\/produkt\/zc2-wd-modellsatz-audiodateien\/","og_site_name":"\u00d6SD - Webshop","article_modified_time":"2024-10-17T11:49:27+00:00","twitter_card":"summary_large_image","twitter_image":"https:\/\/testsam.dev-osd.at\/wp-content\/uploads\/2021\/07\/icon-ZC2-1.svg","twitter_misc":{"Est. reading time":"1 minute"},"schema":{"@context":"https:\/\/schema.org","@graph":[{"@type":"WebPage","@id":"https:\/\/testsam.dev-osd.at\/en\/produkt\/zc2-wd-modellsatz-audiodateien\/","url":"https:\/\/testsam.dev-osd.at\/en\/produkt\/zc2-wd-modellsatz-audiodateien\/","name":"ZC2\/WD Modellsatz Audiodateien - \u00d6SD - Webshop","isPartOf":{"@id":"https:\/\/testsam.dev-osd.at\/en\/#website"},"datePublished":"2024-02-14T14:31:18+00:00","dateModified":"2024-10-17T11:49:27+00:00","breadcrumb":{"@id":"https:\/\/testsam.dev-osd.at\/en\/produkt\/zc2-wd-modellsatz-audiodateien\/#breadcrumb"},"inLanguage":"en-US","potentialAction":[{"@type":"ReadAction","target":["https:\/\/testsam.dev-osd.at\/en\/produkt\/zc2-wd-modellsatz-audiodateien\/"]}]},{"@type":"BreadcrumbList","@id":"https:\/\/testsam.dev-osd.at\/en\/produkt\/zc2-wd-modellsatz-audiodateien\/#breadcrumb","itemListElement":[{"@type":"ListItem","position":1,"name":"Shop","item":"https:\/\/testsam.dev-osd.at\/en\/shop-2\/"},{"@type":"ListItem","position":2,"name":"ZC2\/WD Modellsatz Audiodateien"}]},{"@type":"WebSite","@id":"https:\/\/testsam.dev-osd.at\/en\/#website","url":"https:\/\/testsam.dev-osd.at\/en\/","name":"\u00d6SD - Webshop","description":"","potentialAction":[{"@type":"SearchAction","target":{"@type":"EntryPoint","urlTemplate":"https:\/\/testsam.dev-osd.at\/en\/?s={search_term_string}"},"query-input":"required name=search_term_string"}],"inLanguage":"en-US"}]}},"_links":{"self":[{"href":"https:\/\/testsam.dev-osd.at\/en\/wp-json\/wp\/v2\/product\/39053","targetHints":{"allow":["GET"]}}],"collection":[{"href":"https:\/\/testsam.dev-osd.at\/en\/wp-json\/wp\/v2\/product"}],"about":[{"href":"https:\/\/testsam.dev-osd.at\/en\/wp-json\/wp\/v2\/types\/product"}],"wp:featuredmedia":[{"embeddable":true,"href":"https:\/\/testsam.dev-osd.at\/en\/wp-json\/wp\/v2\/media\/29553"}],"wp:attachment":[{"href":"https:\/\/testsam.dev-osd.at\/en\/wp-json\/wp\/v2\/media?parent=39053"}],"wp:term":[{"taxonomy":"product_brand","embeddable":true,"href":"https:\/\/testsam.dev-osd.at\/en\/wp-json\/wp\/v2\/product_brand?post=39053"},{"taxonomy":"product_cat","embeddable":true,"href":"https:\/\/testsam.dev-osd.at\/en\/wp-json\/wp\/v2\/product_cat?post=39053"},{"taxonomy":"product_tag","embeddable":true,"href":"https:\/\/testsam.dev-osd.at\/en\/wp-json\/wp\/v2\/product_tag?post=39053"}],"curies":[{"name":"wp","href":"https:\/\/api.w.org\/{rel}","templated":true}]}}