{"id":36289,"date":"2021-08-30T11:30:39","date_gmt":"2021-08-30T09:30:39","guid":{"rendered":"https:\/\/testsam.dev-osd.at\/produkt\/oesd-kid-a1-model-set\/"},"modified":"2021-08-30T11:30:39","modified_gmt":"2021-08-30T09:30:39","slug":"osd-kid1-modellsatz","status":"publish","type":"product","link":"https:\/\/testsam.dev-osd.at\/en\/produkt\/osd-kid1-modellsatz\/","title":{"rendered":"\u00d6SD KID A1 Model Set"},"content":{"rendered":"<p style=\"text-align: justify;\">\u00d6SD KID A1 tests the linguistic competence of children and young people in private, school and semi-public situations at an elementary level. The focus is on the simple and direct exchange of information about familiar things. This exam is offered for learners aged 10 and above.<\/p>\n","protected":false},"excerpt":{"rendered":"<p>\u00d6SD KID A1 tests the linguistic competence of children and young people in private, school and semi-public situations at an elementary level. The focus is&#8230;<\/p>\n","protected":false},"featured_media":39205,"template":"","meta":[],"product_brand":[],"product_cat":[122,118],"product_tag":[],"class_list":{"0":"post-36289","1":"product","2":"type-product","3":"status-publish","4":"has-post-thumbnail","6":"product_cat-materialien-en","7":"product_cat-sammelbogen-en","8":"pa_isbn-978-3-902440-91-4","10":"first","11":"instock","12":"taxable","13":"shipping-taxable","14":"purchasable","15":"product-type-variable"},"acf":[],"yoast_head":"<!-- This site is optimized with the Yoast SEO plugin v21.9.1 - https:\/\/yoast.com\/wordpress\/plugins\/seo\/ -->\n<title>\u00d6SD KID A1 Model Set - \u00d6SD - Webshop<\/title>\n<meta name=\"robots\" content=\"noindex, follow, max-snippet:-1, max-image-preview:large, max-video-preview:-1\" \/>\n<meta property=\"og:locale\" content=\"en_US\" \/>\n<meta property=\"og:type\" content=\"article\" \/>\n<meta property=\"og:title\" content=\"\u00d6SD KID A1 Model Set - \u00d6SD - Webshop\" \/>\n<meta property=\"og:description\" content=\"\u00d6SD KID A1 tests the linguistic competence of children and young people in private, school and semi-public situations at an elementary level. The focus is...\" \/>\n<meta property=\"og:url\" content=\"https:\/\/testsam.dev-osd.at\/en\/produkt\/osd-kid1-modellsatz\/\" \/>\n<meta property=\"og:site_name\" content=\"\u00d6SD - Webshop\" \/>\n<meta property=\"og:image\" content=\"https:\/\/testsam.dev-osd.at\/wp-content\/uploads\/2021\/08\/O\u0308SD-KID-A1-Modellsatz-1.jpg\" \/>\n\t<meta property=\"og:image:width\" content=\"500\" \/>\n\t<meta property=\"og:image:height\" content=\"710\" \/>\n\t<meta property=\"og:image:type\" content=\"image\/jpeg\" \/>\n<meta name=\"twitter:card\" content=\"summary_large_image\" \/>\n<script type=\"application\/ld+json\" class=\"yoast-schema-graph\">{\"@context\":\"https:\/\/schema.org\",\"@graph\":[{\"@type\":\"WebPage\",\"@id\":\"https:\/\/testsam.dev-osd.at\/en\/produkt\/osd-kid1-modellsatz\/\",\"url\":\"https:\/\/testsam.dev-osd.at\/en\/produkt\/osd-kid1-modellsatz\/\",\"name\":\"\u00d6SD KID A1 Model Set - \u00d6SD - Webshop\",\"isPartOf\":{\"@id\":\"https:\/\/testsam.dev-osd.at\/en\/#website\"},\"datePublished\":\"2021-08-30T09:30:39+00:00\",\"dateModified\":\"2021-08-30T09:30:39+00:00\",\"breadcrumb\":{\"@id\":\"https:\/\/testsam.dev-osd.at\/en\/produkt\/osd-kid1-modellsatz\/#breadcrumb\"},\"inLanguage\":\"en-US\",\"potentialAction\":[{\"@type\":\"ReadAction\",\"target\":[\"https:\/\/testsam.dev-osd.at\/en\/produkt\/osd-kid1-modellsatz\/\"]}]},{\"@type\":\"BreadcrumbList\",\"@id\":\"https:\/\/testsam.dev-osd.at\/en\/produkt\/osd-kid1-modellsatz\/#breadcrumb\",\"itemListElement\":[{\"@type\":\"ListItem\",\"position\":1,\"name\":\"Shop\",\"item\":\"https:\/\/testsam.dev-osd.at\/en\/shop-2\/\"},{\"@type\":\"ListItem\",\"position\":2,\"name\":\"\u00d6SD KID A1 Model Set\"}]},{\"@type\":\"WebSite\",\"@id\":\"https:\/\/testsam.dev-osd.at\/en\/#website\",\"url\":\"https:\/\/testsam.dev-osd.at\/en\/\",\"name\":\"\u00d6SD - Webshop\",\"description\":\"\",\"potentialAction\":[{\"@type\":\"SearchAction\",\"target\":{\"@type\":\"EntryPoint\",\"urlTemplate\":\"https:\/\/testsam.dev-osd.at\/en\/?s={search_term_string}\"},\"query-input\":\"required name=search_term_string\"}],\"inLanguage\":\"en-US\"}]}<\/script>\n<!-- \/ Yoast SEO plugin. -->","yoast_head_json":{"title":"\u00d6SD KID A1 Model Set - \u00d6SD - Webshop","robots":{"index":"noindex","follow":"follow","max-snippet":"max-snippet:-1","max-image-preview":"max-image-preview:large","max-video-preview":"max-video-preview:-1"},"og_locale":"en_US","og_type":"article","og_title":"\u00d6SD KID A1 Model Set - \u00d6SD - Webshop","og_description":"\u00d6SD KID A1 tests the linguistic competence of children and young people in private, school and semi-public situations at an elementary level. The focus is...","og_url":"https:\/\/testsam.dev-osd.at\/en\/produkt\/osd-kid1-modellsatz\/","og_site_name":"\u00d6SD - Webshop","og_image":[{"width":500,"height":710,"url":"https:\/\/testsam.dev-osd.at\/wp-content\/uploads\/2021\/08\/O\u0308SD-KID-A1-Modellsatz-1.jpg","type":"image\/jpeg"}],"twitter_card":"summary_large_image","schema":{"@context":"https:\/\/schema.org","@graph":[{"@type":"WebPage","@id":"https:\/\/testsam.dev-osd.at\/en\/produkt\/osd-kid1-modellsatz\/","url":"https:\/\/testsam.dev-osd.at\/en\/produkt\/osd-kid1-modellsatz\/","name":"\u00d6SD KID A1 Model Set - \u00d6SD - Webshop","isPartOf":{"@id":"https:\/\/testsam.dev-osd.at\/en\/#website"},"datePublished":"2021-08-30T09:30:39+00:00","dateModified":"2021-08-30T09:30:39+00:00","breadcrumb":{"@id":"https:\/\/testsam.dev-osd.at\/en\/produkt\/osd-kid1-modellsatz\/#breadcrumb"},"inLanguage":"en-US","potentialAction":[{"@type":"ReadAction","target":["https:\/\/testsam.dev-osd.at\/en\/produkt\/osd-kid1-modellsatz\/"]}]},{"@type":"BreadcrumbList","@id":"https:\/\/testsam.dev-osd.at\/en\/produkt\/osd-kid1-modellsatz\/#breadcrumb","itemListElement":[{"@type":"ListItem","position":1,"name":"Shop","item":"https:\/\/testsam.dev-osd.at\/en\/shop-2\/"},{"@type":"ListItem","position":2,"name":"\u00d6SD KID A1 Model Set"}]},{"@type":"WebSite","@id":"https:\/\/testsam.dev-osd.at\/en\/#website","url":"https:\/\/testsam.dev-osd.at\/en\/","name":"\u00d6SD - Webshop","description":"","potentialAction":[{"@type":"SearchAction","target":{"@type":"EntryPoint","urlTemplate":"https:\/\/testsam.dev-osd.at\/en\/?s={search_term_string}"},"query-input":"required name=search_term_string"}],"inLanguage":"en-US"}]}},"_links":{"self":[{"href":"https:\/\/testsam.dev-osd.at\/en\/wp-json\/wp\/v2\/product\/36289","targetHints":{"allow":["GET"]}}],"collection":[{"href":"https:\/\/testsam.dev-osd.at\/en\/wp-json\/wp\/v2\/product"}],"about":[{"href":"https:\/\/testsam.dev-osd.at\/en\/wp-json\/wp\/v2\/types\/product"}],"wp:featuredmedia":[{"embeddable":true,"href":"https:\/\/testsam.dev-osd.at\/en\/wp-json\/wp\/v2\/media\/39205"}],"wp:attachment":[{"href":"https:\/\/testsam.dev-osd.at\/en\/wp-json\/wp\/v2\/media?parent=36289"}],"wp:term":[{"taxonomy":"product_brand","embeddable":true,"href":"https:\/\/testsam.dev-osd.at\/en\/wp-json\/wp\/v2\/product_brand?post=36289"},{"taxonomy":"product_cat","embeddable":true,"href":"https:\/\/testsam.dev-osd.at\/en\/wp-json\/wp\/v2\/product_cat?post=36289"},{"taxonomy":"product_tag","embeddable":true,"href":"https:\/\/testsam.dev-osd.at\/en\/wp-json\/wp\/v2\/product_tag?post=36289"}],"curies":[{"name":"wp","href":"https:\/\/api.w.org\/{rel}","templated":true}]}}