{"id":36267,"date":"2021-08-30T11:30:41","date_gmt":"2021-08-30T09:30:41","guid":{"rendered":"https:\/\/testsam.dev-osd.at\/produkt\/oesd-zb1-model-set\/"},"modified":"2021-08-30T11:30:41","modified_gmt":"2021-08-30T09:30:41","slug":"osd-zb1-modellsatz","status":"publish","type":"product","link":"https:\/\/testsam.dev-osd.at\/en\/produkt\/osd-zb1-modellsatz\/","title":{"rendered":"\u00d6SD ZB1 Model Set"},"content":{"rendered":"<p>\u00d6SD Certificate B1 tests the ability to use the language in everyday and work situations that deal with familiar topics and areas of personal interest. The \u00d6SD Certificate B1 exam is also offered in modules, i.e. the reading, listening, writing and speaking modules can be taken independently of each other at different times. The examination is published together with the Goethe-Institut and is offered for learners from the age of 16 as well as in a variant for young people from the age of 12 (= \u00d6SD Zertifikat B1 \/ Jugendliche).<\/p>\n","protected":false},"excerpt":{"rendered":"<p>\u00d6SD Certificate B1 tests the ability to use the language in everyday and work situations that deal with familiar topics and areas of personal interest&#8230;.<\/p>\n","protected":false},"featured_media":39199,"template":"","meta":[],"product_brand":[],"product_cat":[122,118],"product_tag":[135],"class_list":{"0":"post-36267","1":"product","2":"type-product","3":"status-publish","4":"has-post-thumbnail","6":"product_cat-materialien-en","7":"product_cat-sammelbogen-en","8":"product_tag-zb1-en","9":"pa_isbn-978-3-903164-01-7","11":"first","12":"instock","13":"taxable","14":"shipping-taxable","15":"purchasable","16":"product-type-variable"},"acf":[],"yoast_head":"<!-- This site is optimized with the Yoast SEO plugin v21.9.1 - https:\/\/yoast.com\/wordpress\/plugins\/seo\/ -->\n<title>\u00d6SD ZB1 Model Set - \u00d6SD - Webshop<\/title>\n<meta name=\"robots\" content=\"noindex, follow, max-snippet:-1, max-image-preview:large, max-video-preview:-1\" \/>\n<meta property=\"og:locale\" content=\"en_US\" \/>\n<meta property=\"og:type\" content=\"article\" \/>\n<meta property=\"og:title\" content=\"\u00d6SD ZB1 Model Set - \u00d6SD - Webshop\" \/>\n<meta property=\"og:description\" content=\"\u00d6SD Certificate B1 tests the ability to use the language in everyday and work situations that deal with familiar topics and areas of personal interest....\" \/>\n<meta property=\"og:url\" content=\"https:\/\/testsam.dev-osd.at\/en\/produkt\/osd-zb1-modellsatz\/\" \/>\n<meta property=\"og:site_name\" content=\"\u00d6SD - Webshop\" \/>\n<meta property=\"og:image\" content=\"https:\/\/testsam.dev-osd.at\/wp-content\/uploads\/2021\/08\/O\u0308SD-ZB1-Modellsatz.jpg\" \/>\n\t<meta property=\"og:image:width\" content=\"500\" \/>\n\t<meta property=\"og:image:height\" content=\"710\" \/>\n\t<meta property=\"og:image:type\" content=\"image\/jpeg\" \/>\n<meta name=\"twitter:card\" content=\"summary_large_image\" \/>\n<script type=\"application\/ld+json\" class=\"yoast-schema-graph\">{\"@context\":\"https:\/\/schema.org\",\"@graph\":[{\"@type\":\"WebPage\",\"@id\":\"https:\/\/testsam.dev-osd.at\/en\/produkt\/osd-zb1-modellsatz\/\",\"url\":\"https:\/\/testsam.dev-osd.at\/en\/produkt\/osd-zb1-modellsatz\/\",\"name\":\"\u00d6SD ZB1 Model Set - \u00d6SD - Webshop\",\"isPartOf\":{\"@id\":\"https:\/\/testsam.dev-osd.at\/en\/#website\"},\"datePublished\":\"2021-08-30T09:30:41+00:00\",\"dateModified\":\"2021-08-30T09:30:41+00:00\",\"breadcrumb\":{\"@id\":\"https:\/\/testsam.dev-osd.at\/en\/produkt\/osd-zb1-modellsatz\/#breadcrumb\"},\"inLanguage\":\"en-US\",\"potentialAction\":[{\"@type\":\"ReadAction\",\"target\":[\"https:\/\/testsam.dev-osd.at\/en\/produkt\/osd-zb1-modellsatz\/\"]}]},{\"@type\":\"BreadcrumbList\",\"@id\":\"https:\/\/testsam.dev-osd.at\/en\/produkt\/osd-zb1-modellsatz\/#breadcrumb\",\"itemListElement\":[{\"@type\":\"ListItem\",\"position\":1,\"name\":\"Shop\",\"item\":\"https:\/\/testsam.dev-osd.at\/en\/shop-2\/\"},{\"@type\":\"ListItem\",\"position\":2,\"name\":\"\u00d6SD ZB1 Model Set\"}]},{\"@type\":\"WebSite\",\"@id\":\"https:\/\/testsam.dev-osd.at\/en\/#website\",\"url\":\"https:\/\/testsam.dev-osd.at\/en\/\",\"name\":\"\u00d6SD - Webshop\",\"description\":\"\",\"potentialAction\":[{\"@type\":\"SearchAction\",\"target\":{\"@type\":\"EntryPoint\",\"urlTemplate\":\"https:\/\/testsam.dev-osd.at\/en\/?s={search_term_string}\"},\"query-input\":\"required name=search_term_string\"}],\"inLanguage\":\"en-US\"}]}<\/script>\n<!-- \/ Yoast SEO plugin. -->","yoast_head_json":{"title":"\u00d6SD ZB1 Model Set - \u00d6SD - Webshop","robots":{"index":"noindex","follow":"follow","max-snippet":"max-snippet:-1","max-image-preview":"max-image-preview:large","max-video-preview":"max-video-preview:-1"},"og_locale":"en_US","og_type":"article","og_title":"\u00d6SD ZB1 Model Set - \u00d6SD - Webshop","og_description":"\u00d6SD Certificate B1 tests the ability to use the language in everyday and work situations that deal with familiar topics and areas of personal interest....","og_url":"https:\/\/testsam.dev-osd.at\/en\/produkt\/osd-zb1-modellsatz\/","og_site_name":"\u00d6SD - Webshop","og_image":[{"width":500,"height":710,"url":"https:\/\/testsam.dev-osd.at\/wp-content\/uploads\/2021\/08\/O\u0308SD-ZB1-Modellsatz.jpg","type":"image\/jpeg"}],"twitter_card":"summary_large_image","schema":{"@context":"https:\/\/schema.org","@graph":[{"@type":"WebPage","@id":"https:\/\/testsam.dev-osd.at\/en\/produkt\/osd-zb1-modellsatz\/","url":"https:\/\/testsam.dev-osd.at\/en\/produkt\/osd-zb1-modellsatz\/","name":"\u00d6SD ZB1 Model Set - \u00d6SD - Webshop","isPartOf":{"@id":"https:\/\/testsam.dev-osd.at\/en\/#website"},"datePublished":"2021-08-30T09:30:41+00:00","dateModified":"2021-08-30T09:30:41+00:00","breadcrumb":{"@id":"https:\/\/testsam.dev-osd.at\/en\/produkt\/osd-zb1-modellsatz\/#breadcrumb"},"inLanguage":"en-US","potentialAction":[{"@type":"ReadAction","target":["https:\/\/testsam.dev-osd.at\/en\/produkt\/osd-zb1-modellsatz\/"]}]},{"@type":"BreadcrumbList","@id":"https:\/\/testsam.dev-osd.at\/en\/produkt\/osd-zb1-modellsatz\/#breadcrumb","itemListElement":[{"@type":"ListItem","position":1,"name":"Shop","item":"https:\/\/testsam.dev-osd.at\/en\/shop-2\/"},{"@type":"ListItem","position":2,"name":"\u00d6SD ZB1 Model Set"}]},{"@type":"WebSite","@id":"https:\/\/testsam.dev-osd.at\/en\/#website","url":"https:\/\/testsam.dev-osd.at\/en\/","name":"\u00d6SD - Webshop","description":"","potentialAction":[{"@type":"SearchAction","target":{"@type":"EntryPoint","urlTemplate":"https:\/\/testsam.dev-osd.at\/en\/?s={search_term_string}"},"query-input":"required name=search_term_string"}],"inLanguage":"en-US"}]}},"_links":{"self":[{"href":"https:\/\/testsam.dev-osd.at\/en\/wp-json\/wp\/v2\/product\/36267","targetHints":{"allow":["GET"]}}],"collection":[{"href":"https:\/\/testsam.dev-osd.at\/en\/wp-json\/wp\/v2\/product"}],"about":[{"href":"https:\/\/testsam.dev-osd.at\/en\/wp-json\/wp\/v2\/types\/product"}],"wp:featuredmedia":[{"embeddable":true,"href":"https:\/\/testsam.dev-osd.at\/en\/wp-json\/wp\/v2\/media\/39199"}],"wp:attachment":[{"href":"https:\/\/testsam.dev-osd.at\/en\/wp-json\/wp\/v2\/media?parent=36267"}],"wp:term":[{"taxonomy":"product_brand","embeddable":true,"href":"https:\/\/testsam.dev-osd.at\/en\/wp-json\/wp\/v2\/product_brand?post=36267"},{"taxonomy":"product_cat","embeddable":true,"href":"https:\/\/testsam.dev-osd.at\/en\/wp-json\/wp\/v2\/product_cat?post=36267"},{"taxonomy":"product_tag","embeddable":true,"href":"https:\/\/testsam.dev-osd.at\/en\/wp-json\/wp\/v2\/product_tag?post=36267"}],"curies":[{"name":"wp","href":"https:\/\/api.w.org\/{rel}","templated":true}]}}