{"id":36140,"date":"2023-06-07T11:35:33","date_gmt":"2023-06-07T09:35:33","guid":{"rendered":"https:\/\/testsam.dev-osd.at\/produkt\/oesd-za1-french-version-of-the-practice-materials-vol-1\/"},"modified":"2023-06-13T16:29:03","modified_gmt":"2023-06-13T14:29:03","slug":"oesd-za1-franzoesische-version-der-uebungsmaterialien-band-1","status":"publish","type":"product","link":"https:\/\/testsam.dev-osd.at\/en\/produkt\/oesd-za1-franzoesische-version-der-uebungsmaterialien-band-1\/","title":{"rendered":"\u00d6SD ZA1 French version of the practice materials vol. 1"},"content":{"rendered":"<p>With this exercise book in French, you can optimally prepare for the \u00d6SD Zertifikat A1 exam as well as for the \u00d6SD Zertifikat A1 \/ Austria exam variant. You will receive helpful information on test formats, the examination process, evaluation criteria, etc.<\/p>\n","protected":false},"excerpt":{"rendered":"<p>With this exercise book in French, you can optimally prepare for the \u00d6SD Zertifikat A1 exam as well as for the \u00d6SD Zertifikat A1 \/&#8230;<\/p>\n","protected":false},"featured_media":36042,"template":"","meta":[],"product_brand":[],"product_cat":[122,123],"product_tag":[126],"class_list":{"0":"post-36140","1":"product","2":"type-product","3":"status-publish","4":"has-post-thumbnail","6":"product_cat-materialien-en","7":"product_cat-practice-material","8":"product_tag-za1-en","10":"first","11":"instock","12":"taxable","13":"shipping-taxable","14":"purchasable","15":"product-type-variable","16":"has-default-attributes"},"acf":[],"yoast_head":"<!-- This site is optimized with the Yoast SEO plugin v21.9.1 - https:\/\/yoast.com\/wordpress\/plugins\/seo\/ -->\n<title>\u00d6SD ZA1 French version of the practice materials vol. 1 - \u00d6SD - Webshop<\/title>\n<meta name=\"robots\" content=\"noindex, follow, max-snippet:-1, max-image-preview:large, max-video-preview:-1\" \/>\n<meta property=\"og:locale\" content=\"en_US\" \/>\n<meta property=\"og:type\" content=\"article\" \/>\n<meta property=\"og:title\" content=\"\u00d6SD ZA1 French version of the practice materials vol. 1 - \u00d6SD - Webshop\" \/>\n<meta property=\"og:description\" content=\"With this exercise book in French, you can optimally prepare for the \u00d6SD Zertifikat A1 exam as well as for the \u00d6SD Zertifikat A1 \/...\" \/>\n<meta property=\"og:url\" content=\"https:\/\/testsam.dev-osd.at\/en\/produkt\/oesd-za1-franzoesische-version-der-uebungsmaterialien-band-1\/\" \/>\n<meta property=\"og:site_name\" content=\"\u00d6SD - Webshop\" \/>\n<meta property=\"article:modified_time\" content=\"2023-06-13T14:29:03+00:00\" \/>\n<meta property=\"og:image\" content=\"https:\/\/testsam.dev-osd.at\/wp-content\/uploads\/2023\/06\/ZA1-Cover-Band-1-Ue-FRZ.png\" \/>\n\t<meta property=\"og:image:width\" content=\"1486\" \/>\n\t<meta property=\"og:image:height\" content=\"2084\" \/>\n\t<meta property=\"og:image:type\" content=\"image\/png\" \/>\n<meta name=\"twitter:card\" content=\"summary_large_image\" \/>\n<meta name=\"twitter:label1\" content=\"Est. reading time\" \/>\n\t<meta name=\"twitter:data1\" content=\"1 minute\" \/>\n<script type=\"application\/ld+json\" class=\"yoast-schema-graph\">{\"@context\":\"https:\/\/schema.org\",\"@graph\":[{\"@type\":\"WebPage\",\"@id\":\"https:\/\/testsam.dev-osd.at\/en\/produkt\/oesd-za1-franzoesische-version-der-uebungsmaterialien-band-1\/\",\"url\":\"https:\/\/testsam.dev-osd.at\/en\/produkt\/oesd-za1-franzoesische-version-der-uebungsmaterialien-band-1\/\",\"name\":\"\u00d6SD ZA1 French version of the practice materials vol. 1 - \u00d6SD - Webshop\",\"isPartOf\":{\"@id\":\"https:\/\/testsam.dev-osd.at\/en\/#website\"},\"datePublished\":\"2023-06-07T09:35:33+00:00\",\"dateModified\":\"2023-06-13T14:29:03+00:00\",\"breadcrumb\":{\"@id\":\"https:\/\/testsam.dev-osd.at\/en\/produkt\/oesd-za1-franzoesische-version-der-uebungsmaterialien-band-1\/#breadcrumb\"},\"inLanguage\":\"en-US\",\"potentialAction\":[{\"@type\":\"ReadAction\",\"target\":[\"https:\/\/testsam.dev-osd.at\/en\/produkt\/oesd-za1-franzoesische-version-der-uebungsmaterialien-band-1\/\"]}]},{\"@type\":\"BreadcrumbList\",\"@id\":\"https:\/\/testsam.dev-osd.at\/en\/produkt\/oesd-za1-franzoesische-version-der-uebungsmaterialien-band-1\/#breadcrumb\",\"itemListElement\":[{\"@type\":\"ListItem\",\"position\":1,\"name\":\"Shop\",\"item\":\"https:\/\/testsam.dev-osd.at\/en\/shop-2\/\"},{\"@type\":\"ListItem\",\"position\":2,\"name\":\"\u00d6SD ZA1 French version of the practice materials vol. 1\"}]},{\"@type\":\"WebSite\",\"@id\":\"https:\/\/testsam.dev-osd.at\/en\/#website\",\"url\":\"https:\/\/testsam.dev-osd.at\/en\/\",\"name\":\"\u00d6SD - Webshop\",\"description\":\"\",\"potentialAction\":[{\"@type\":\"SearchAction\",\"target\":{\"@type\":\"EntryPoint\",\"urlTemplate\":\"https:\/\/testsam.dev-osd.at\/en\/?s={search_term_string}\"},\"query-input\":\"required name=search_term_string\"}],\"inLanguage\":\"en-US\"}]}<\/script>\n<!-- \/ Yoast SEO plugin. -->","yoast_head_json":{"title":"\u00d6SD ZA1 French version of the practice materials vol. 1 - \u00d6SD - Webshop","robots":{"index":"noindex","follow":"follow","max-snippet":"max-snippet:-1","max-image-preview":"max-image-preview:large","max-video-preview":"max-video-preview:-1"},"og_locale":"en_US","og_type":"article","og_title":"\u00d6SD ZA1 French version of the practice materials vol. 1 - \u00d6SD - Webshop","og_description":"With this exercise book in French, you can optimally prepare for the \u00d6SD Zertifikat A1 exam as well as for the \u00d6SD Zertifikat A1 \/...","og_url":"https:\/\/testsam.dev-osd.at\/en\/produkt\/oesd-za1-franzoesische-version-der-uebungsmaterialien-band-1\/","og_site_name":"\u00d6SD - Webshop","article_modified_time":"2023-06-13T14:29:03+00:00","og_image":[{"width":1486,"height":2084,"url":"https:\/\/testsam.dev-osd.at\/wp-content\/uploads\/2023\/06\/ZA1-Cover-Band-1-Ue-FRZ.png","type":"image\/png"}],"twitter_card":"summary_large_image","twitter_misc":{"Est. reading time":"1 minute"},"schema":{"@context":"https:\/\/schema.org","@graph":[{"@type":"WebPage","@id":"https:\/\/testsam.dev-osd.at\/en\/produkt\/oesd-za1-franzoesische-version-der-uebungsmaterialien-band-1\/","url":"https:\/\/testsam.dev-osd.at\/en\/produkt\/oesd-za1-franzoesische-version-der-uebungsmaterialien-band-1\/","name":"\u00d6SD ZA1 French version of the practice materials vol. 1 - \u00d6SD - Webshop","isPartOf":{"@id":"https:\/\/testsam.dev-osd.at\/en\/#website"},"datePublished":"2023-06-07T09:35:33+00:00","dateModified":"2023-06-13T14:29:03+00:00","breadcrumb":{"@id":"https:\/\/testsam.dev-osd.at\/en\/produkt\/oesd-za1-franzoesische-version-der-uebungsmaterialien-band-1\/#breadcrumb"},"inLanguage":"en-US","potentialAction":[{"@type":"ReadAction","target":["https:\/\/testsam.dev-osd.at\/en\/produkt\/oesd-za1-franzoesische-version-der-uebungsmaterialien-band-1\/"]}]},{"@type":"BreadcrumbList","@id":"https:\/\/testsam.dev-osd.at\/en\/produkt\/oesd-za1-franzoesische-version-der-uebungsmaterialien-band-1\/#breadcrumb","itemListElement":[{"@type":"ListItem","position":1,"name":"Shop","item":"https:\/\/testsam.dev-osd.at\/en\/shop-2\/"},{"@type":"ListItem","position":2,"name":"\u00d6SD ZA1 French version of the practice materials vol. 1"}]},{"@type":"WebSite","@id":"https:\/\/testsam.dev-osd.at\/en\/#website","url":"https:\/\/testsam.dev-osd.at\/en\/","name":"\u00d6SD - Webshop","description":"","potentialAction":[{"@type":"SearchAction","target":{"@type":"EntryPoint","urlTemplate":"https:\/\/testsam.dev-osd.at\/en\/?s={search_term_string}"},"query-input":"required name=search_term_string"}],"inLanguage":"en-US"}]}},"_links":{"self":[{"href":"https:\/\/testsam.dev-osd.at\/en\/wp-json\/wp\/v2\/product\/36140","targetHints":{"allow":["GET"]}}],"collection":[{"href":"https:\/\/testsam.dev-osd.at\/en\/wp-json\/wp\/v2\/product"}],"about":[{"href":"https:\/\/testsam.dev-osd.at\/en\/wp-json\/wp\/v2\/types\/product"}],"wp:featuredmedia":[{"embeddable":true,"href":"https:\/\/testsam.dev-osd.at\/en\/wp-json\/wp\/v2\/media\/36042"}],"wp:attachment":[{"href":"https:\/\/testsam.dev-osd.at\/en\/wp-json\/wp\/v2\/media?parent=36140"}],"wp:term":[{"taxonomy":"product_brand","embeddable":true,"href":"https:\/\/testsam.dev-osd.at\/en\/wp-json\/wp\/v2\/product_brand?post=36140"},{"taxonomy":"product_cat","embeddable":true,"href":"https:\/\/testsam.dev-osd.at\/en\/wp-json\/wp\/v2\/product_cat?post=36140"},{"taxonomy":"product_tag","embeddable":true,"href":"https:\/\/testsam.dev-osd.at\/en\/wp-json\/wp\/v2\/product_tag?post=36140"}],"curies":[{"name":"wp","href":"https:\/\/api.w.org\/{rel}","templated":true}]}}