{"id":36022,"date":"2021-08-30T11:31:02","date_gmt":"2021-08-30T09:31:02","guid":{"rendered":"https:\/\/testsam.dev-osd.at\/produkt\/oesd-zdoe-model-set-b1-youths\/"},"modified":"2024-02-06T10:06:06","modified_gmt":"2024-02-06T09:06:06","slug":"modellsatz-b1-jugendliche","status":"publish","type":"product","link":"https:\/\/testsam.dev-osd.at\/en\/produkt\/modellsatz-b1-jugendliche\/","title":{"rendered":"\u00d6SD ZD\u00d6 Model Set B1 Youths"},"content":{"rendered":"<p>\u00d6SD Zertifikat Deutsch \u00d6sterreich B1 tests the ability to use the language independently in everyday and professional situations that are specifically relevant for foreigners. This examination is primarily designed for migrants in Austria and is offered for learners from the age of 16 as well as in a variant for young people from the age of 12 (= \u00d6SD Zertifikat Deutsch \u00d6sterreich B1 \/ Jugendliche).<\/p>\n","protected":false},"excerpt":{"rendered":"<p>\u00d6SD Zertifikat Deutsch \u00d6sterreich B1 tests the ability to use the language independently in everyday and professional situations that are specifically relevant for foreigners. This&#8230;<\/p>\n","protected":false},"featured_media":39181,"template":"","meta":[],"product_brand":[],"product_cat":[122,118],"product_tag":[],"class_list":{"0":"post-36022","1":"product","2":"type-product","3":"status-publish","4":"has-post-thumbnail","6":"product_cat-materialien-en","7":"product_cat-sammelbogen-en","8":"pa_isbn-978-3-903164-38-3-en","10":"first","11":"instock","12":"taxable","13":"shipping-taxable","14":"purchasable","15":"product-type-variable"},"acf":[],"yoast_head":"<!-- This site is optimized with the Yoast SEO plugin v21.9.1 - https:\/\/yoast.com\/wordpress\/plugins\/seo\/ -->\n<title>\u00d6SD ZD\u00d6 Model Set B1 Youths - \u00d6SD - Webshop<\/title>\n<meta name=\"robots\" content=\"noindex, follow, max-snippet:-1, max-image-preview:large, max-video-preview:-1\" \/>\n<meta property=\"og:locale\" content=\"en_US\" \/>\n<meta property=\"og:type\" content=\"article\" \/>\n<meta property=\"og:title\" content=\"\u00d6SD ZD\u00d6 Model Set B1 Youths - \u00d6SD - Webshop\" \/>\n<meta property=\"og:description\" content=\"\u00d6SD Zertifikat Deutsch \u00d6sterreich B1 tests the ability to use the language independently in everyday and professional situations that are specifically relevant for foreigners. This...\" \/>\n<meta property=\"og:url\" content=\"https:\/\/testsam.dev-osd.at\/en\/produkt\/modellsatz-b1-jugendliche\/\" \/>\n<meta property=\"og:site_name\" content=\"\u00d6SD - Webshop\" \/>\n<meta property=\"article:modified_time\" content=\"2024-02-06T09:06:06+00:00\" \/>\n<meta property=\"og:image\" content=\"https:\/\/testsam.dev-osd.at\/wp-content\/uploads\/2021\/08\/ZDOe-B1-J-Cover-M.png\" \/>\n\t<meta property=\"og:image:width\" content=\"1472\" \/>\n\t<meta property=\"og:image:height\" content=\"2086\" \/>\n\t<meta property=\"og:image:type\" content=\"image\/png\" \/>\n<meta name=\"twitter:card\" content=\"summary_large_image\" \/>\n<meta name=\"twitter:label1\" content=\"Est. reading time\" \/>\n\t<meta name=\"twitter:data1\" content=\"1 minute\" \/>\n<script type=\"application\/ld+json\" class=\"yoast-schema-graph\">{\"@context\":\"https:\/\/schema.org\",\"@graph\":[{\"@type\":\"WebPage\",\"@id\":\"https:\/\/testsam.dev-osd.at\/en\/produkt\/modellsatz-b1-jugendliche\/\",\"url\":\"https:\/\/testsam.dev-osd.at\/en\/produkt\/modellsatz-b1-jugendliche\/\",\"name\":\"\u00d6SD ZD\u00d6 Model Set B1 Youths - \u00d6SD - Webshop\",\"isPartOf\":{\"@id\":\"https:\/\/testsam.dev-osd.at\/en\/#website\"},\"datePublished\":\"2021-08-30T09:31:02+00:00\",\"dateModified\":\"2024-02-06T09:06:06+00:00\",\"breadcrumb\":{\"@id\":\"https:\/\/testsam.dev-osd.at\/en\/produkt\/modellsatz-b1-jugendliche\/#breadcrumb\"},\"inLanguage\":\"en-US\",\"potentialAction\":[{\"@type\":\"ReadAction\",\"target\":[\"https:\/\/testsam.dev-osd.at\/en\/produkt\/modellsatz-b1-jugendliche\/\"]}]},{\"@type\":\"BreadcrumbList\",\"@id\":\"https:\/\/testsam.dev-osd.at\/en\/produkt\/modellsatz-b1-jugendliche\/#breadcrumb\",\"itemListElement\":[{\"@type\":\"ListItem\",\"position\":1,\"name\":\"Shop\",\"item\":\"https:\/\/testsam.dev-osd.at\/en\/shop-2\/\"},{\"@type\":\"ListItem\",\"position\":2,\"name\":\"\u00d6SD ZD\u00d6 Model Set B1 Youths\"}]},{\"@type\":\"WebSite\",\"@id\":\"https:\/\/testsam.dev-osd.at\/en\/#website\",\"url\":\"https:\/\/testsam.dev-osd.at\/en\/\",\"name\":\"\u00d6SD - Webshop\",\"description\":\"\",\"potentialAction\":[{\"@type\":\"SearchAction\",\"target\":{\"@type\":\"EntryPoint\",\"urlTemplate\":\"https:\/\/testsam.dev-osd.at\/en\/?s={search_term_string}\"},\"query-input\":\"required name=search_term_string\"}],\"inLanguage\":\"en-US\"}]}<\/script>\n<!-- \/ Yoast SEO plugin. -->","yoast_head_json":{"title":"\u00d6SD ZD\u00d6 Model Set B1 Youths - \u00d6SD - Webshop","robots":{"index":"noindex","follow":"follow","max-snippet":"max-snippet:-1","max-image-preview":"max-image-preview:large","max-video-preview":"max-video-preview:-1"},"og_locale":"en_US","og_type":"article","og_title":"\u00d6SD ZD\u00d6 Model Set B1 Youths - \u00d6SD - Webshop","og_description":"\u00d6SD Zertifikat Deutsch \u00d6sterreich B1 tests the ability to use the language independently in everyday and professional situations that are specifically relevant for foreigners. This...","og_url":"https:\/\/testsam.dev-osd.at\/en\/produkt\/modellsatz-b1-jugendliche\/","og_site_name":"\u00d6SD - Webshop","article_modified_time":"2024-02-06T09:06:06+00:00","og_image":[{"width":1472,"height":2086,"url":"https:\/\/testsam.dev-osd.at\/wp-content\/uploads\/2021\/08\/ZDOe-B1-J-Cover-M.png","type":"image\/png"}],"twitter_card":"summary_large_image","twitter_misc":{"Est. reading time":"1 minute"},"schema":{"@context":"https:\/\/schema.org","@graph":[{"@type":"WebPage","@id":"https:\/\/testsam.dev-osd.at\/en\/produkt\/modellsatz-b1-jugendliche\/","url":"https:\/\/testsam.dev-osd.at\/en\/produkt\/modellsatz-b1-jugendliche\/","name":"\u00d6SD ZD\u00d6 Model Set B1 Youths - \u00d6SD - Webshop","isPartOf":{"@id":"https:\/\/testsam.dev-osd.at\/en\/#website"},"datePublished":"2021-08-30T09:31:02+00:00","dateModified":"2024-02-06T09:06:06+00:00","breadcrumb":{"@id":"https:\/\/testsam.dev-osd.at\/en\/produkt\/modellsatz-b1-jugendliche\/#breadcrumb"},"inLanguage":"en-US","potentialAction":[{"@type":"ReadAction","target":["https:\/\/testsam.dev-osd.at\/en\/produkt\/modellsatz-b1-jugendliche\/"]}]},{"@type":"BreadcrumbList","@id":"https:\/\/testsam.dev-osd.at\/en\/produkt\/modellsatz-b1-jugendliche\/#breadcrumb","itemListElement":[{"@type":"ListItem","position":1,"name":"Shop","item":"https:\/\/testsam.dev-osd.at\/en\/shop-2\/"},{"@type":"ListItem","position":2,"name":"\u00d6SD ZD\u00d6 Model Set B1 Youths"}]},{"@type":"WebSite","@id":"https:\/\/testsam.dev-osd.at\/en\/#website","url":"https:\/\/testsam.dev-osd.at\/en\/","name":"\u00d6SD - Webshop","description":"","potentialAction":[{"@type":"SearchAction","target":{"@type":"EntryPoint","urlTemplate":"https:\/\/testsam.dev-osd.at\/en\/?s={search_term_string}"},"query-input":"required name=search_term_string"}],"inLanguage":"en-US"}]}},"_links":{"self":[{"href":"https:\/\/testsam.dev-osd.at\/en\/wp-json\/wp\/v2\/product\/36022","targetHints":{"allow":["GET"]}}],"collection":[{"href":"https:\/\/testsam.dev-osd.at\/en\/wp-json\/wp\/v2\/product"}],"about":[{"href":"https:\/\/testsam.dev-osd.at\/en\/wp-json\/wp\/v2\/types\/product"}],"wp:featuredmedia":[{"embeddable":true,"href":"https:\/\/testsam.dev-osd.at\/en\/wp-json\/wp\/v2\/media\/39181"}],"wp:attachment":[{"href":"https:\/\/testsam.dev-osd.at\/en\/wp-json\/wp\/v2\/media?parent=36022"}],"wp:term":[{"taxonomy":"product_brand","embeddable":true,"href":"https:\/\/testsam.dev-osd.at\/en\/wp-json\/wp\/v2\/product_brand?post=36022"},{"taxonomy":"product_cat","embeddable":true,"href":"https:\/\/testsam.dev-osd.at\/en\/wp-json\/wp\/v2\/product_cat?post=36022"},{"taxonomy":"product_tag","embeddable":true,"href":"https:\/\/testsam.dev-osd.at\/en\/wp-json\/wp\/v2\/product_tag?post=36022"}],"curies":[{"name":"wp","href":"https:\/\/api.w.org\/{rel}","templated":true}]}}