{"id":36016,"date":"2021-08-30T11:31:06","date_gmt":"2021-08-30T09:31:06","guid":{"rendered":"https:\/\/testsam.dev-osd.at\/produkt\/arena-b1-3\/"},"modified":"2023-06-05T09:56:03","modified_gmt":"2023-06-05T07:56:03","slug":"arena-b1","status":"publish","type":"product","link":"https:\/\/testsam.dev-osd.at\/en\/produkt\/arena-b1\/","title":{"rendered":"Arena B1"},"content":{"rendered":"<p>Exam preparation for the &#8220;\u00d6SD-Zertifikat B1 f\u00fcr Jugendliche&#8221; with parallel systematic repetition of grammar and vocabulary.<\/p>\n<p><strong>Arena B1<\/strong> is designed for learners from the age of 13 who want to prepare themselves in detail for the most popular of all DaF examinations, the &#8220;Goethe-\u00d6SD-Zertifikat B1 f\u00fcr Jugendliche&#8221;. The exam is quite wide ranging with four modules and a total of 15 parts, so in the first test the format of the exam is presented module by module and the recommended solution strategies are explained part by part.<\/p>\n<p><strong>Arena B1<\/strong> can be used either in a pure exam preparation course or from the middle of an ordinary B1 course in parallel with any course-bearing textbook.<\/p>\n<p>The textbook covers all the topics of the B1 examination in all modules and offers systematic vocabulary training (basic German vocabulary) with many additional tasks. <strong>Arena B1<\/strong> repeats the entire B1 grammar with a series of additional exercises (ascending level of difficulty) and thus fills in any gaps in the learning material.<\/p>\n<p><strong>Arena B1<\/strong> is fully at B1 level, has been fully tested in exam courses and guides exam candidates through the exam at the expected level of difficulty from the start, avoiding unpleasant surprises.<\/p>\n","protected":false},"excerpt":{"rendered":"<p>Exam preparation for the &#8220;\u00d6SD-Zertifikat B1 f\u00fcr Jugendliche&#8221; with parallel systematic repetition of grammar and vocabulary. Arena B1 is designed for learners from the age&#8230;<\/p>\n","protected":false},"featured_media":35072,"template":"","meta":[],"product_brand":[],"product_cat":[117],"product_tag":[],"class_list":{"0":"post-36016","1":"product","2":"type-product","3":"status-publish","4":"has-post-thumbnail","6":"product_cat-more-materials-en","7":"pa_isbn-978-960-8261-87-7-en","9":"first","10":"instock","11":"taxable","12":"shipping-taxable","13":"purchasable","14":"product-type-simple"},"acf":[],"yoast_head":"<!-- This site is optimized with the Yoast SEO plugin v21.9.1 - https:\/\/yoast.com\/wordpress\/plugins\/seo\/ -->\n<title>Arena B1 - \u00d6SD - Webshop<\/title>\n<meta name=\"robots\" content=\"noindex, follow, max-snippet:-1, max-image-preview:large, max-video-preview:-1\" \/>\n<meta property=\"og:locale\" content=\"en_US\" \/>\n<meta property=\"og:type\" content=\"article\" \/>\n<meta property=\"og:title\" content=\"Arena B1 - \u00d6SD - Webshop\" \/>\n<meta property=\"og:description\" content=\"Exam preparation for the &#8220;\u00d6SD-Zertifikat B1 f\u00fcr Jugendliche&#8221; with parallel systematic repetition of grammar and vocabulary. Arena B1 is designed for learners from the age...\" \/>\n<meta property=\"og:url\" content=\"https:\/\/testsam.dev-osd.at\/en\/produkt\/arena-b1\/\" \/>\n<meta property=\"og:site_name\" content=\"\u00d6SD - Webshop\" \/>\n<meta property=\"article:modified_time\" content=\"2023-06-05T07:56:03+00:00\" \/>\n<meta property=\"og:image\" content=\"https:\/\/testsam.dev-osd.at\/wp-content\/uploads\/2021\/08\/tsa-cv-arena-b1-g.jpg\" \/>\n\t<meta property=\"og:image:width\" content=\"500\" \/>\n\t<meta property=\"og:image:height\" content=\"710\" \/>\n\t<meta property=\"og:image:type\" content=\"image\/jpeg\" \/>\n<meta name=\"twitter:card\" content=\"summary_large_image\" \/>\n<meta name=\"twitter:label1\" content=\"Est. reading time\" \/>\n\t<meta name=\"twitter:data1\" content=\"1 minute\" \/>\n<script type=\"application\/ld+json\" class=\"yoast-schema-graph\">{\"@context\":\"https:\/\/schema.org\",\"@graph\":[{\"@type\":\"WebPage\",\"@id\":\"https:\/\/testsam.dev-osd.at\/en\/produkt\/arena-b1\/\",\"url\":\"https:\/\/testsam.dev-osd.at\/en\/produkt\/arena-b1\/\",\"name\":\"Arena B1 - \u00d6SD - Webshop\",\"isPartOf\":{\"@id\":\"https:\/\/testsam.dev-osd.at\/en\/#website\"},\"datePublished\":\"2021-08-30T09:31:06+00:00\",\"dateModified\":\"2023-06-05T07:56:03+00:00\",\"breadcrumb\":{\"@id\":\"https:\/\/testsam.dev-osd.at\/en\/produkt\/arena-b1\/#breadcrumb\"},\"inLanguage\":\"en-US\",\"potentialAction\":[{\"@type\":\"ReadAction\",\"target\":[\"https:\/\/testsam.dev-osd.at\/en\/produkt\/arena-b1\/\"]}]},{\"@type\":\"BreadcrumbList\",\"@id\":\"https:\/\/testsam.dev-osd.at\/en\/produkt\/arena-b1\/#breadcrumb\",\"itemListElement\":[{\"@type\":\"ListItem\",\"position\":1,\"name\":\"Shop\",\"item\":\"https:\/\/testsam.dev-osd.at\/en\/shop-2\/\"},{\"@type\":\"ListItem\",\"position\":2,\"name\":\"Arena B1\"}]},{\"@type\":\"WebSite\",\"@id\":\"https:\/\/testsam.dev-osd.at\/en\/#website\",\"url\":\"https:\/\/testsam.dev-osd.at\/en\/\",\"name\":\"\u00d6SD - Webshop\",\"description\":\"\",\"potentialAction\":[{\"@type\":\"SearchAction\",\"target\":{\"@type\":\"EntryPoint\",\"urlTemplate\":\"https:\/\/testsam.dev-osd.at\/en\/?s={search_term_string}\"},\"query-input\":\"required name=search_term_string\"}],\"inLanguage\":\"en-US\"}]}<\/script>\n<!-- \/ Yoast SEO plugin. -->","yoast_head_json":{"title":"Arena B1 - \u00d6SD - Webshop","robots":{"index":"noindex","follow":"follow","max-snippet":"max-snippet:-1","max-image-preview":"max-image-preview:large","max-video-preview":"max-video-preview:-1"},"og_locale":"en_US","og_type":"article","og_title":"Arena B1 - \u00d6SD - Webshop","og_description":"Exam preparation for the &#8220;\u00d6SD-Zertifikat B1 f\u00fcr Jugendliche&#8221; with parallel systematic repetition of grammar and vocabulary. Arena B1 is designed for learners from the age...","og_url":"https:\/\/testsam.dev-osd.at\/en\/produkt\/arena-b1\/","og_site_name":"\u00d6SD - Webshop","article_modified_time":"2023-06-05T07:56:03+00:00","og_image":[{"width":500,"height":710,"url":"https:\/\/testsam.dev-osd.at\/wp-content\/uploads\/2021\/08\/tsa-cv-arena-b1-g.jpg","type":"image\/jpeg"}],"twitter_card":"summary_large_image","twitter_misc":{"Est. reading time":"1 minute"},"schema":{"@context":"https:\/\/schema.org","@graph":[{"@type":"WebPage","@id":"https:\/\/testsam.dev-osd.at\/en\/produkt\/arena-b1\/","url":"https:\/\/testsam.dev-osd.at\/en\/produkt\/arena-b1\/","name":"Arena B1 - \u00d6SD - Webshop","isPartOf":{"@id":"https:\/\/testsam.dev-osd.at\/en\/#website"},"datePublished":"2021-08-30T09:31:06+00:00","dateModified":"2023-06-05T07:56:03+00:00","breadcrumb":{"@id":"https:\/\/testsam.dev-osd.at\/en\/produkt\/arena-b1\/#breadcrumb"},"inLanguage":"en-US","potentialAction":[{"@type":"ReadAction","target":["https:\/\/testsam.dev-osd.at\/en\/produkt\/arena-b1\/"]}]},{"@type":"BreadcrumbList","@id":"https:\/\/testsam.dev-osd.at\/en\/produkt\/arena-b1\/#breadcrumb","itemListElement":[{"@type":"ListItem","position":1,"name":"Shop","item":"https:\/\/testsam.dev-osd.at\/en\/shop-2\/"},{"@type":"ListItem","position":2,"name":"Arena B1"}]},{"@type":"WebSite","@id":"https:\/\/testsam.dev-osd.at\/en\/#website","url":"https:\/\/testsam.dev-osd.at\/en\/","name":"\u00d6SD - Webshop","description":"","potentialAction":[{"@type":"SearchAction","target":{"@type":"EntryPoint","urlTemplate":"https:\/\/testsam.dev-osd.at\/en\/?s={search_term_string}"},"query-input":"required name=search_term_string"}],"inLanguage":"en-US"}]}},"_links":{"self":[{"href":"https:\/\/testsam.dev-osd.at\/en\/wp-json\/wp\/v2\/product\/36016","targetHints":{"allow":["GET"]}}],"collection":[{"href":"https:\/\/testsam.dev-osd.at\/en\/wp-json\/wp\/v2\/product"}],"about":[{"href":"https:\/\/testsam.dev-osd.at\/en\/wp-json\/wp\/v2\/types\/product"}],"wp:featuredmedia":[{"embeddable":true,"href":"https:\/\/testsam.dev-osd.at\/en\/wp-json\/wp\/v2\/media\/35072"}],"wp:attachment":[{"href":"https:\/\/testsam.dev-osd.at\/en\/wp-json\/wp\/v2\/media?parent=36016"}],"wp:term":[{"taxonomy":"product_brand","embeddable":true,"href":"https:\/\/testsam.dev-osd.at\/en\/wp-json\/wp\/v2\/product_brand?post=36016"},{"taxonomy":"product_cat","embeddable":true,"href":"https:\/\/testsam.dev-osd.at\/en\/wp-json\/wp\/v2\/product_cat?post=36016"},{"taxonomy":"product_tag","embeddable":true,"href":"https:\/\/testsam.dev-osd.at\/en\/wp-json\/wp\/v2\/product_tag?post=36016"}],"curies":[{"name":"wp","href":"https:\/\/api.w.org\/{rel}","templated":true}]}}