{"id":35987,"date":"2021-08-30T11:31:23","date_gmt":"2021-08-30T09:31:23","guid":{"rendered":"https:\/\/testsam.dev-osd.at\/produkt\/arena-oesd-b2-j\/"},"modified":"2021-08-30T11:31:23","modified_gmt":"2021-08-30T09:31:23","slug":"arena-oesd-b2-j","status":"publish","type":"product","link":"https:\/\/testsam.dev-osd.at\/en\/produkt\/arena-oesd-b2-j\/","title":{"rendered":"Arena \u00d6SD B2\/J"},"content":{"rendered":"<p>Exam preparation for the &#8220;\u00d6SD-Zertifikat B2 f\u00fcr Jugendliche&#8221; with parallel systematic repetition of grammar and vocabulary.<\/p>\n<p><strong>Arena \u00d6SD B2\/J<\/strong> is designed for learners aged 14 and over who want to prepare themselves in detail for the very popular DaF exam &#8220;\u00d6SD-Zertifikat B2 f\u00fcr Jugendliche&#8221;. In the first test, the format of the exam is presented module by module and the recommended solution strategies are explained part by part.<\/p>\n<p><strong>Arena \u00d6SD B2\/J<\/strong> can be used either in a pure exam preparation course or from the middle of an ordinary B2 course in parallel with any course-bearing textbook.<\/p>\n<p>The textbook covers all the topics of the B2 exam in all tasks and offers systematic grammar and vocabulary training with many additional exercises. Arena <strong>\u00d6SD B2\/J<\/strong> repeats the entire B2 grammar with a series of additional topics (ascending level of difficulty) and therefore fills in any gaps in the learning material.<\/p>\n<p><strong>Arena \u00d6SD B2\/J<\/strong> is entirely at B2 level, has been fully tested in exam courses and presents the exam candidates with the expected level of difficulty right from the start, so that unpleasant surprises are avoided.<\/p>\n","protected":false},"excerpt":{"rendered":"<p>Exam preparation for the &#8220;\u00d6SD-Zertifikat B2 f\u00fcr Jugendliche&#8221; with parallel systematic repetition of grammar and vocabulary. Arena \u00d6SD B2\/J is designed for learners aged 14&#8230;<\/p>\n","protected":false},"featured_media":35074,"template":"","meta":[],"product_brand":[],"product_cat":[117],"product_tag":[],"class_list":{"0":"post-35987","1":"product","2":"type-product","3":"status-publish","4":"has-post-thumbnail","6":"product_cat-more-materials-en","7":"pa_isbn-978-960-8261-88-4-en","9":"first","10":"instock","11":"taxable","12":"shipping-taxable","13":"purchasable","14":"product-type-simple"},"acf":[],"yoast_head":"<!-- This site is optimized with the Yoast SEO plugin v21.9.1 - https:\/\/yoast.com\/wordpress\/plugins\/seo\/ -->\n<title>Arena \u00d6SD B2\/J - \u00d6SD - Webshop<\/title>\n<meta name=\"robots\" content=\"noindex, follow, max-snippet:-1, max-image-preview:large, max-video-preview:-1\" \/>\n<meta property=\"og:locale\" content=\"en_US\" \/>\n<meta property=\"og:type\" content=\"article\" \/>\n<meta property=\"og:title\" content=\"Arena \u00d6SD B2\/J - \u00d6SD - Webshop\" \/>\n<meta property=\"og:description\" content=\"Exam preparation for the &#8220;\u00d6SD-Zertifikat B2 f\u00fcr Jugendliche&#8221; with parallel systematic repetition of grammar and vocabulary. Arena \u00d6SD B2\/J is designed for learners aged 14...\" \/>\n<meta property=\"og:url\" content=\"https:\/\/testsam.dev-osd.at\/en\/produkt\/arena-oesd-b2-j\/\" \/>\n<meta property=\"og:site_name\" content=\"\u00d6SD - Webshop\" \/>\n<meta property=\"og:image\" content=\"https:\/\/testsam.dev-osd.at\/wp-content\/uploads\/2021\/08\/tsa-cv-arena-b2-g.jpg\" \/>\n\t<meta property=\"og:image:width\" content=\"500\" \/>\n\t<meta property=\"og:image:height\" content=\"710\" \/>\n\t<meta property=\"og:image:type\" content=\"image\/jpeg\" \/>\n<meta name=\"twitter:card\" content=\"summary_large_image\" \/>\n<meta name=\"twitter:label1\" content=\"Est. reading time\" \/>\n\t<meta name=\"twitter:data1\" content=\"1 minute\" \/>\n<script type=\"application\/ld+json\" class=\"yoast-schema-graph\">{\"@context\":\"https:\/\/schema.org\",\"@graph\":[{\"@type\":\"WebPage\",\"@id\":\"https:\/\/testsam.dev-osd.at\/en\/produkt\/arena-oesd-b2-j\/\",\"url\":\"https:\/\/testsam.dev-osd.at\/en\/produkt\/arena-oesd-b2-j\/\",\"name\":\"Arena \u00d6SD B2\/J - \u00d6SD - Webshop\",\"isPartOf\":{\"@id\":\"https:\/\/testsam.dev-osd.at\/en\/#website\"},\"datePublished\":\"2021-08-30T09:31:23+00:00\",\"dateModified\":\"2021-08-30T09:31:23+00:00\",\"breadcrumb\":{\"@id\":\"https:\/\/testsam.dev-osd.at\/en\/produkt\/arena-oesd-b2-j\/#breadcrumb\"},\"inLanguage\":\"en-US\",\"potentialAction\":[{\"@type\":\"ReadAction\",\"target\":[\"https:\/\/testsam.dev-osd.at\/en\/produkt\/arena-oesd-b2-j\/\"]}]},{\"@type\":\"BreadcrumbList\",\"@id\":\"https:\/\/testsam.dev-osd.at\/en\/produkt\/arena-oesd-b2-j\/#breadcrumb\",\"itemListElement\":[{\"@type\":\"ListItem\",\"position\":1,\"name\":\"Shop\",\"item\":\"https:\/\/testsam.dev-osd.at\/en\/shop-2\/\"},{\"@type\":\"ListItem\",\"position\":2,\"name\":\"Arena \u00d6SD B2\/J\"}]},{\"@type\":\"WebSite\",\"@id\":\"https:\/\/testsam.dev-osd.at\/en\/#website\",\"url\":\"https:\/\/testsam.dev-osd.at\/en\/\",\"name\":\"\u00d6SD - Webshop\",\"description\":\"\",\"potentialAction\":[{\"@type\":\"SearchAction\",\"target\":{\"@type\":\"EntryPoint\",\"urlTemplate\":\"https:\/\/testsam.dev-osd.at\/en\/?s={search_term_string}\"},\"query-input\":\"required name=search_term_string\"}],\"inLanguage\":\"en-US\"}]}<\/script>\n<!-- \/ Yoast SEO plugin. -->","yoast_head_json":{"title":"Arena \u00d6SD B2\/J - \u00d6SD - Webshop","robots":{"index":"noindex","follow":"follow","max-snippet":"max-snippet:-1","max-image-preview":"max-image-preview:large","max-video-preview":"max-video-preview:-1"},"og_locale":"en_US","og_type":"article","og_title":"Arena \u00d6SD B2\/J - \u00d6SD - Webshop","og_description":"Exam preparation for the &#8220;\u00d6SD-Zertifikat B2 f\u00fcr Jugendliche&#8221; with parallel systematic repetition of grammar and vocabulary. Arena \u00d6SD B2\/J is designed for learners aged 14...","og_url":"https:\/\/testsam.dev-osd.at\/en\/produkt\/arena-oesd-b2-j\/","og_site_name":"\u00d6SD - Webshop","og_image":[{"width":500,"height":710,"url":"https:\/\/testsam.dev-osd.at\/wp-content\/uploads\/2021\/08\/tsa-cv-arena-b2-g.jpg","type":"image\/jpeg"}],"twitter_card":"summary_large_image","twitter_misc":{"Est. reading time":"1 minute"},"schema":{"@context":"https:\/\/schema.org","@graph":[{"@type":"WebPage","@id":"https:\/\/testsam.dev-osd.at\/en\/produkt\/arena-oesd-b2-j\/","url":"https:\/\/testsam.dev-osd.at\/en\/produkt\/arena-oesd-b2-j\/","name":"Arena \u00d6SD B2\/J - \u00d6SD - Webshop","isPartOf":{"@id":"https:\/\/testsam.dev-osd.at\/en\/#website"},"datePublished":"2021-08-30T09:31:23+00:00","dateModified":"2021-08-30T09:31:23+00:00","breadcrumb":{"@id":"https:\/\/testsam.dev-osd.at\/en\/produkt\/arena-oesd-b2-j\/#breadcrumb"},"inLanguage":"en-US","potentialAction":[{"@type":"ReadAction","target":["https:\/\/testsam.dev-osd.at\/en\/produkt\/arena-oesd-b2-j\/"]}]},{"@type":"BreadcrumbList","@id":"https:\/\/testsam.dev-osd.at\/en\/produkt\/arena-oesd-b2-j\/#breadcrumb","itemListElement":[{"@type":"ListItem","position":1,"name":"Shop","item":"https:\/\/testsam.dev-osd.at\/en\/shop-2\/"},{"@type":"ListItem","position":2,"name":"Arena \u00d6SD B2\/J"}]},{"@type":"WebSite","@id":"https:\/\/testsam.dev-osd.at\/en\/#website","url":"https:\/\/testsam.dev-osd.at\/en\/","name":"\u00d6SD - Webshop","description":"","potentialAction":[{"@type":"SearchAction","target":{"@type":"EntryPoint","urlTemplate":"https:\/\/testsam.dev-osd.at\/en\/?s={search_term_string}"},"query-input":"required name=search_term_string"}],"inLanguage":"en-US"}]}},"_links":{"self":[{"href":"https:\/\/testsam.dev-osd.at\/en\/wp-json\/wp\/v2\/product\/35987","targetHints":{"allow":["GET"]}}],"collection":[{"href":"https:\/\/testsam.dev-osd.at\/en\/wp-json\/wp\/v2\/product"}],"about":[{"href":"https:\/\/testsam.dev-osd.at\/en\/wp-json\/wp\/v2\/types\/product"}],"wp:featuredmedia":[{"embeddable":true,"href":"https:\/\/testsam.dev-osd.at\/en\/wp-json\/wp\/v2\/media\/35074"}],"wp:attachment":[{"href":"https:\/\/testsam.dev-osd.at\/en\/wp-json\/wp\/v2\/media?parent=35987"}],"wp:term":[{"taxonomy":"product_brand","embeddable":true,"href":"https:\/\/testsam.dev-osd.at\/en\/wp-json\/wp\/v2\/product_brand?post=35987"},{"taxonomy":"product_cat","embeddable":true,"href":"https:\/\/testsam.dev-osd.at\/en\/wp-json\/wp\/v2\/product_cat?post=35987"},{"taxonomy":"product_tag","embeddable":true,"href":"https:\/\/testsam.dev-osd.at\/en\/wp-json\/wp\/v2\/product_tag?post=35987"}],"curies":[{"name":"wp","href":"https:\/\/api.w.org\/{rel}","templated":true}]}}