{"id":35886,"date":"2022-01-24T17:08:48","date_gmt":"2022-01-24T16:08:48","guid":{"rendered":"https:\/\/testsam.dev-osd.at\/produkt\/oesd-za2-uebungsmaterialien-band-2-2\/"},"modified":"2023-06-01T14:52:39","modified_gmt":"2023-06-01T12:52:39","slug":"oesd-za2-uebungsmaterialien-band-2","status":"publish","type":"product","link":"https:\/\/testsam.dev-osd.at\/en\/produkt\/oesd-za2-uebungsmaterialien-band-2\/","title":{"rendered":"\u00d6SD ZA2 Practice Material Vol. 2"},"content":{"rendered":"<p>With this exercise book you can optimally prepare for the \u00d6SD Certificate A2 exam. You will receive helpful information on the test formats, the examination procedure, the assessment criteria, etc. <\/p>\n","protected":false},"excerpt":{"rendered":"<p>With this exercise book you can optimally prepare for the \u00d6SD Certificate A2 exam. You will receive helpful information on the test formats, the examination&#8230;<\/p>\n","protected":false},"featured_media":35086,"template":"","meta":[],"product_brand":[],"product_cat":[122,123],"product_tag":[124],"class_list":{"0":"post-35886","1":"product","2":"type-product","3":"status-publish","4":"has-post-thumbnail","6":"product_cat-materialien-en","7":"product_cat-practice-material","8":"product_tag-za2-en","9":"pa_isbn-978-3-903164-42-0-en","11":"first","12":"instock","13":"taxable","14":"shipping-taxable","15":"purchasable","16":"product-type-variable","17":"has-default-attributes"},"acf":[],"yoast_head":"<!-- This site is optimized with the Yoast SEO plugin v21.9.1 - https:\/\/yoast.com\/wordpress\/plugins\/seo\/ -->\n<title>\u00d6SD ZA2 Practice Material Vol. 2 - \u00d6SD - Webshop<\/title>\n<meta name=\"robots\" content=\"noindex, follow, max-snippet:-1, max-image-preview:large, max-video-preview:-1\" \/>\n<meta property=\"og:locale\" content=\"en_US\" \/>\n<meta property=\"og:type\" content=\"article\" \/>\n<meta property=\"og:title\" content=\"\u00d6SD ZA2 Practice Material Vol. 2 - \u00d6SD - Webshop\" \/>\n<meta property=\"og:description\" content=\"With this exercise book you can optimally prepare for the \u00d6SD Certificate A2 exam. You will receive helpful information on the test formats, the examination...\" \/>\n<meta property=\"og:url\" content=\"https:\/\/testsam.dev-osd.at\/en\/produkt\/oesd-za2-uebungsmaterialien-band-2\/\" \/>\n<meta property=\"og:site_name\" content=\"\u00d6SD - Webshop\" \/>\n<meta property=\"article:modified_time\" content=\"2023-06-01T12:52:39+00:00\" \/>\n<meta property=\"og:image\" content=\"https:\/\/testsam.dev-osd.at\/wp-content\/uploads\/2022\/01\/O\u0308SD-ZA2_2-U\u0308bungsmaterialien.png\" \/>\n\t<meta property=\"og:image:width\" content=\"500\" \/>\n\t<meta property=\"og:image:height\" content=\"710\" \/>\n\t<meta property=\"og:image:type\" content=\"image\/png\" \/>\n<meta name=\"twitter:card\" content=\"summary_large_image\" \/>\n<script type=\"application\/ld+json\" class=\"yoast-schema-graph\">{\"@context\":\"https:\/\/schema.org\",\"@graph\":[{\"@type\":\"WebPage\",\"@id\":\"https:\/\/testsam.dev-osd.at\/en\/produkt\/oesd-za2-uebungsmaterialien-band-2\/\",\"url\":\"https:\/\/testsam.dev-osd.at\/en\/produkt\/oesd-za2-uebungsmaterialien-band-2\/\",\"name\":\"\u00d6SD ZA2 Practice Material Vol. 2 - \u00d6SD - Webshop\",\"isPartOf\":{\"@id\":\"https:\/\/testsam.dev-osd.at\/en\/#website\"},\"datePublished\":\"2022-01-24T16:08:48+00:00\",\"dateModified\":\"2023-06-01T12:52:39+00:00\",\"breadcrumb\":{\"@id\":\"https:\/\/testsam.dev-osd.at\/en\/produkt\/oesd-za2-uebungsmaterialien-band-2\/#breadcrumb\"},\"inLanguage\":\"en-US\",\"potentialAction\":[{\"@type\":\"ReadAction\",\"target\":[\"https:\/\/testsam.dev-osd.at\/en\/produkt\/oesd-za2-uebungsmaterialien-band-2\/\"]}]},{\"@type\":\"BreadcrumbList\",\"@id\":\"https:\/\/testsam.dev-osd.at\/en\/produkt\/oesd-za2-uebungsmaterialien-band-2\/#breadcrumb\",\"itemListElement\":[{\"@type\":\"ListItem\",\"position\":1,\"name\":\"Shop\",\"item\":\"https:\/\/testsam.dev-osd.at\/en\/shop-2\/\"},{\"@type\":\"ListItem\",\"position\":2,\"name\":\"\u00d6SD ZA2 Practice Material Vol. 2\"}]},{\"@type\":\"WebSite\",\"@id\":\"https:\/\/testsam.dev-osd.at\/en\/#website\",\"url\":\"https:\/\/testsam.dev-osd.at\/en\/\",\"name\":\"\u00d6SD - Webshop\",\"description\":\"\",\"potentialAction\":[{\"@type\":\"SearchAction\",\"target\":{\"@type\":\"EntryPoint\",\"urlTemplate\":\"https:\/\/testsam.dev-osd.at\/en\/?s={search_term_string}\"},\"query-input\":\"required name=search_term_string\"}],\"inLanguage\":\"en-US\"}]}<\/script>\n<!-- \/ Yoast SEO plugin. -->","yoast_head_json":{"title":"\u00d6SD ZA2 Practice Material Vol. 2 - \u00d6SD - Webshop","robots":{"index":"noindex","follow":"follow","max-snippet":"max-snippet:-1","max-image-preview":"max-image-preview:large","max-video-preview":"max-video-preview:-1"},"og_locale":"en_US","og_type":"article","og_title":"\u00d6SD ZA2 Practice Material Vol. 2 - \u00d6SD - Webshop","og_description":"With this exercise book you can optimally prepare for the \u00d6SD Certificate A2 exam. You will receive helpful information on the test formats, the examination...","og_url":"https:\/\/testsam.dev-osd.at\/en\/produkt\/oesd-za2-uebungsmaterialien-band-2\/","og_site_name":"\u00d6SD - Webshop","article_modified_time":"2023-06-01T12:52:39+00:00","og_image":[{"width":500,"height":710,"url":"https:\/\/testsam.dev-osd.at\/wp-content\/uploads\/2022\/01\/O\u0308SD-ZA2_2-U\u0308bungsmaterialien.png","type":"image\/png"}],"twitter_card":"summary_large_image","schema":{"@context":"https:\/\/schema.org","@graph":[{"@type":"WebPage","@id":"https:\/\/testsam.dev-osd.at\/en\/produkt\/oesd-za2-uebungsmaterialien-band-2\/","url":"https:\/\/testsam.dev-osd.at\/en\/produkt\/oesd-za2-uebungsmaterialien-band-2\/","name":"\u00d6SD ZA2 Practice Material Vol. 2 - \u00d6SD - Webshop","isPartOf":{"@id":"https:\/\/testsam.dev-osd.at\/en\/#website"},"datePublished":"2022-01-24T16:08:48+00:00","dateModified":"2023-06-01T12:52:39+00:00","breadcrumb":{"@id":"https:\/\/testsam.dev-osd.at\/en\/produkt\/oesd-za2-uebungsmaterialien-band-2\/#breadcrumb"},"inLanguage":"en-US","potentialAction":[{"@type":"ReadAction","target":["https:\/\/testsam.dev-osd.at\/en\/produkt\/oesd-za2-uebungsmaterialien-band-2\/"]}]},{"@type":"BreadcrumbList","@id":"https:\/\/testsam.dev-osd.at\/en\/produkt\/oesd-za2-uebungsmaterialien-band-2\/#breadcrumb","itemListElement":[{"@type":"ListItem","position":1,"name":"Shop","item":"https:\/\/testsam.dev-osd.at\/en\/shop-2\/"},{"@type":"ListItem","position":2,"name":"\u00d6SD ZA2 Practice Material Vol. 2"}]},{"@type":"WebSite","@id":"https:\/\/testsam.dev-osd.at\/en\/#website","url":"https:\/\/testsam.dev-osd.at\/en\/","name":"\u00d6SD - Webshop","description":"","potentialAction":[{"@type":"SearchAction","target":{"@type":"EntryPoint","urlTemplate":"https:\/\/testsam.dev-osd.at\/en\/?s={search_term_string}"},"query-input":"required name=search_term_string"}],"inLanguage":"en-US"}]}},"_links":{"self":[{"href":"https:\/\/testsam.dev-osd.at\/en\/wp-json\/wp\/v2\/product\/35886","targetHints":{"allow":["GET"]}}],"collection":[{"href":"https:\/\/testsam.dev-osd.at\/en\/wp-json\/wp\/v2\/product"}],"about":[{"href":"https:\/\/testsam.dev-osd.at\/en\/wp-json\/wp\/v2\/types\/product"}],"wp:featuredmedia":[{"embeddable":true,"href":"https:\/\/testsam.dev-osd.at\/en\/wp-json\/wp\/v2\/media\/35086"}],"wp:attachment":[{"href":"https:\/\/testsam.dev-osd.at\/en\/wp-json\/wp\/v2\/media?parent=35886"}],"wp:term":[{"taxonomy":"product_brand","embeddable":true,"href":"https:\/\/testsam.dev-osd.at\/en\/wp-json\/wp\/v2\/product_brand?post=35886"},{"taxonomy":"product_cat","embeddable":true,"href":"https:\/\/testsam.dev-osd.at\/en\/wp-json\/wp\/v2\/product_cat?post=35886"},{"taxonomy":"product_tag","embeddable":true,"href":"https:\/\/testsam.dev-osd.at\/en\/wp-json\/wp\/v2\/product_tag?post=35886"}],"curies":[{"name":"wp","href":"https:\/\/api.w.org\/{rel}","templated":true}]}}