{"id":29899,"date":"2021-08-30T11:31:01","date_gmt":"2021-08-30T09:31:01","guid":{"rendered":"https:\/\/development.testsam.at\/?post_type=product&#038;p=29899"},"modified":"2024-02-22T15:13:23","modified_gmt":"2024-02-22T14:13:23","slug":"osd-integrationsprufung-a2-modellsatz","status":"publish","type":"product","link":"https:\/\/testsam.dev-osd.at\/en\/produkt\/osd-integrationsprufung-a2-modellsatz\/","title":{"rendered":"\u00d6SD Integrationspr\u00fcfung A2 Modellsatz"},"content":{"rendered":"<p>Die sprachlichen Teile (Sprachinhalte) \u00fcberpr\u00fcfen die F\u00e4higkeit, sich auf elementarer Ebene in<br \/>\neinfachen, routinem\u00e4\u00dfigen Situationen des Alltags- und Berufslebens in \u00d6sterreich zu verst\u00e4ndigen.<br \/>\nDabei steht der einfache und direkte Austausch von Informationen \u00fcber vertraute und gel\u00e4ufige<br \/>\nDinge im Mittelpunkt. Diese Teile entsprechen in Form und Inhalt der Pr\u00fcfung \u00d6SD Zertifikat A2. Im<br \/>\nPr\u00fcfungsteil Werte- und Orientierungswissen werden die Kenntnisse der grundlegenden Werte der<br \/>\nRechts- und Gesellschaftsordnung der Republik \u00d6sterreich \u2013 gem\u00e4\u00df der in Anlage A der Verordnung<br \/>\ndes Bundesministers f\u00fcr Europa, Integration und \u00c4u\u00dferes \u00fcber die Integrationsvereinbarung<br \/>\nfestgeschriebenen Vorgaben des Rahmencurriculums f\u00fcr A2 \u2013 \u00fcberpr\u00fcft.<\/p>\n","protected":false},"excerpt":{"rendered":"<p><strong>Diese Brosch\u00fcre enth\u00e4lt:<\/strong><\/p>\n<ul>\n<li>den Modellsatz f\u00fcr die \u00d6SD Integrationspr\u00fcfung A2<\/li>\n<li>die dazugeh\u00f6rigen L\u00f6sungen und Transkripte<\/li>\n<li>eine Audio-CD mit H\u00f6rtexten<\/li>\n<li>ein fehlerfreies Musterbeispiel zur Schreibaufgabe<\/li>\n<\/ul>\n","protected":false},"featured_media":29697,"template":"","meta":[],"product_brand":[],"product_cat":[77],"product_tag":[],"class_list":{"0":"post-29899","1":"product","2":"type-product","3":"status-publish","4":"has-post-thumbnail","6":"product_cat-weitere-materialien","7":"pa_isbn-8e-978-3-903164-30-7","9":"first","10":"instock","11":"taxable","12":"shipping-taxable","13":"purchasable","14":"product-type-simple"},"acf":[],"yoast_head":"<!-- This site is optimized with the Yoast SEO plugin v21.9.1 - https:\/\/yoast.com\/wordpress\/plugins\/seo\/ -->\n<title>\u00d6SD Integrationspr\u00fcfung A2 Modellsatz - \u00d6SD - Webshop<\/title>\n<meta name=\"robots\" content=\"noindex, follow, max-snippet:-1, max-image-preview:large, max-video-preview:-1\" \/>\n<meta property=\"og:locale\" content=\"en_US\" \/>\n<meta property=\"og:type\" content=\"article\" \/>\n<meta property=\"og:title\" content=\"\u00d6SD Integrationspr\u00fcfung A2 Modellsatz - \u00d6SD - Webshop\" \/>\n<meta property=\"og:description\" content=\"Diese Brosch\u00fcre enth\u00e4lt:   den Modellsatz f\u00fcr die \u00d6SD Integrationspr\u00fcfung A2  die dazugeh\u00f6rigen L\u00f6sungen und Transkripte  eine Audio-CD mit H\u00f6rtexten  ein fehlerfreies Musterbeispiel zur Schreibaufgabe\" \/>\n<meta property=\"og:url\" content=\"https:\/\/testsam.dev-osd.at\/en\/produkt\/osd-integrationsprufung-a2-modellsatz\/\" \/>\n<meta property=\"og:site_name\" content=\"\u00d6SD - Webshop\" \/>\n<meta property=\"article:modified_time\" content=\"2024-02-22T14:13:23+00:00\" \/>\n<meta property=\"og:image\" content=\"https:\/\/testsam.dev-osd.at\/wp-content\/uploads\/2021\/08\/O\u0308SD-Integrationspru\u0308fung-A2-Modellsatz-1.jpg\" \/>\n\t<meta property=\"og:image:width\" content=\"500\" \/>\n\t<meta property=\"og:image:height\" content=\"710\" \/>\n\t<meta property=\"og:image:type\" content=\"image\/jpeg\" \/>\n<meta name=\"twitter:card\" content=\"summary_large_image\" \/>\n<meta name=\"twitter:label1\" content=\"Est. reading time\" \/>\n\t<meta name=\"twitter:data1\" content=\"1 minute\" \/>\n<script type=\"application\/ld+json\" class=\"yoast-schema-graph\">{\"@context\":\"https:\/\/schema.org\",\"@graph\":[{\"@type\":\"WebPage\",\"@id\":\"https:\/\/testsam.dev-osd.at\/en\/produkt\/osd-integrationsprufung-a2-modellsatz\/\",\"url\":\"https:\/\/testsam.dev-osd.at\/en\/produkt\/osd-integrationsprufung-a2-modellsatz\/\",\"name\":\"\u00d6SD Integrationspr\u00fcfung A2 Modellsatz - \u00d6SD - Webshop\",\"isPartOf\":{\"@id\":\"https:\/\/testsam.dev-osd.at\/en\/#website\"},\"datePublished\":\"2021-08-30T09:31:01+00:00\",\"dateModified\":\"2024-02-22T14:13:23+00:00\",\"breadcrumb\":{\"@id\":\"https:\/\/testsam.dev-osd.at\/en\/produkt\/osd-integrationsprufung-a2-modellsatz\/#breadcrumb\"},\"inLanguage\":\"en-US\",\"potentialAction\":[{\"@type\":\"ReadAction\",\"target\":[\"https:\/\/testsam.dev-osd.at\/en\/produkt\/osd-integrationsprufung-a2-modellsatz\/\"]}]},{\"@type\":\"BreadcrumbList\",\"@id\":\"https:\/\/testsam.dev-osd.at\/en\/produkt\/osd-integrationsprufung-a2-modellsatz\/#breadcrumb\",\"itemListElement\":[{\"@type\":\"ListItem\",\"position\":1,\"name\":\"Shop\",\"item\":\"https:\/\/testsam.dev-osd.at\/en\/shop-2\/\"},{\"@type\":\"ListItem\",\"position\":2,\"name\":\"\u00d6SD Integrationspr\u00fcfung A2 Modellsatz\"}]},{\"@type\":\"WebSite\",\"@id\":\"https:\/\/testsam.dev-osd.at\/en\/#website\",\"url\":\"https:\/\/testsam.dev-osd.at\/en\/\",\"name\":\"\u00d6SD - Webshop\",\"description\":\"\",\"potentialAction\":[{\"@type\":\"SearchAction\",\"target\":{\"@type\":\"EntryPoint\",\"urlTemplate\":\"https:\/\/testsam.dev-osd.at\/en\/?s={search_term_string}\"},\"query-input\":\"required name=search_term_string\"}],\"inLanguage\":\"en-US\"}]}<\/script>\n<!-- \/ Yoast SEO plugin. -->","yoast_head_json":{"title":"\u00d6SD Integrationspr\u00fcfung A2 Modellsatz - \u00d6SD - Webshop","robots":{"index":"noindex","follow":"follow","max-snippet":"max-snippet:-1","max-image-preview":"max-image-preview:large","max-video-preview":"max-video-preview:-1"},"og_locale":"en_US","og_type":"article","og_title":"\u00d6SD Integrationspr\u00fcfung A2 Modellsatz - \u00d6SD - Webshop","og_description":"Diese Brosch\u00fcre enth\u00e4lt:   den Modellsatz f\u00fcr die \u00d6SD Integrationspr\u00fcfung A2  die dazugeh\u00f6rigen L\u00f6sungen und Transkripte  eine Audio-CD mit H\u00f6rtexten  ein fehlerfreies Musterbeispiel zur Schreibaufgabe","og_url":"https:\/\/testsam.dev-osd.at\/en\/produkt\/osd-integrationsprufung-a2-modellsatz\/","og_site_name":"\u00d6SD - Webshop","article_modified_time":"2024-02-22T14:13:23+00:00","og_image":[{"width":500,"height":710,"url":"https:\/\/testsam.dev-osd.at\/wp-content\/uploads\/2021\/08\/O\u0308SD-Integrationspru\u0308fung-A2-Modellsatz-1.jpg","type":"image\/jpeg"}],"twitter_card":"summary_large_image","twitter_misc":{"Est. reading time":"1 minute"},"schema":{"@context":"https:\/\/schema.org","@graph":[{"@type":"WebPage","@id":"https:\/\/testsam.dev-osd.at\/en\/produkt\/osd-integrationsprufung-a2-modellsatz\/","url":"https:\/\/testsam.dev-osd.at\/en\/produkt\/osd-integrationsprufung-a2-modellsatz\/","name":"\u00d6SD Integrationspr\u00fcfung A2 Modellsatz - \u00d6SD - Webshop","isPartOf":{"@id":"https:\/\/testsam.dev-osd.at\/en\/#website"},"datePublished":"2021-08-30T09:31:01+00:00","dateModified":"2024-02-22T14:13:23+00:00","breadcrumb":{"@id":"https:\/\/testsam.dev-osd.at\/en\/produkt\/osd-integrationsprufung-a2-modellsatz\/#breadcrumb"},"inLanguage":"en-US","potentialAction":[{"@type":"ReadAction","target":["https:\/\/testsam.dev-osd.at\/en\/produkt\/osd-integrationsprufung-a2-modellsatz\/"]}]},{"@type":"BreadcrumbList","@id":"https:\/\/testsam.dev-osd.at\/en\/produkt\/osd-integrationsprufung-a2-modellsatz\/#breadcrumb","itemListElement":[{"@type":"ListItem","position":1,"name":"Shop","item":"https:\/\/testsam.dev-osd.at\/en\/shop-2\/"},{"@type":"ListItem","position":2,"name":"\u00d6SD Integrationspr\u00fcfung A2 Modellsatz"}]},{"@type":"WebSite","@id":"https:\/\/testsam.dev-osd.at\/en\/#website","url":"https:\/\/testsam.dev-osd.at\/en\/","name":"\u00d6SD - Webshop","description":"","potentialAction":[{"@type":"SearchAction","target":{"@type":"EntryPoint","urlTemplate":"https:\/\/testsam.dev-osd.at\/en\/?s={search_term_string}"},"query-input":"required name=search_term_string"}],"inLanguage":"en-US"}]}},"_links":{"self":[{"href":"https:\/\/testsam.dev-osd.at\/en\/wp-json\/wp\/v2\/product\/29899","targetHints":{"allow":["GET"]}}],"collection":[{"href":"https:\/\/testsam.dev-osd.at\/en\/wp-json\/wp\/v2\/product"}],"about":[{"href":"https:\/\/testsam.dev-osd.at\/en\/wp-json\/wp\/v2\/types\/product"}],"wp:featuredmedia":[{"embeddable":true,"href":"https:\/\/testsam.dev-osd.at\/en\/wp-json\/wp\/v2\/media\/29697"}],"wp:attachment":[{"href":"https:\/\/testsam.dev-osd.at\/en\/wp-json\/wp\/v2\/media?parent=29899"}],"wp:term":[{"taxonomy":"product_brand","embeddable":true,"href":"https:\/\/testsam.dev-osd.at\/en\/wp-json\/wp\/v2\/product_brand?post=29899"},{"taxonomy":"product_cat","embeddable":true,"href":"https:\/\/testsam.dev-osd.at\/en\/wp-json\/wp\/v2\/product_cat?post=29899"},{"taxonomy":"product_tag","embeddable":true,"href":"https:\/\/testsam.dev-osd.at\/en\/wp-json\/wp\/v2\/product_tag?post=29899"}],"curies":[{"name":"wp","href":"https:\/\/api.w.org\/{rel}","templated":true}]}}