{"id":29897,"date":"2021-08-30T11:31:00","date_gmt":"2021-08-30T09:31:00","guid":{"rendered":"https:\/\/development.testsam.at\/?post_type=product&#038;p=29897"},"modified":"2024-02-22T15:12:47","modified_gmt":"2024-02-22T14:12:47","slug":"osd-intergrationsprufung-a2","status":"publish","type":"product","link":"https:\/\/testsam.dev-osd.at\/en\/produkt\/osd-intergrationsprufung-a2\/","title":{"rendered":"\u00d6SD Integrationspr\u00fcfung A2 Fragenkatalog"},"content":{"rendered":"<p>Im Pr\u00fcfungsteil Werte- und Orientierungswissen werden die Kenntnisse der grundlegenden Werte der Rechts- und Gesellschaftsordnung der Republik \u00d6sterreich \u00fcberpr\u00fcft. Die Inhalte und Fragen entsprechen den Vorgaben des Rahmencurriculums gem\u00e4\u00df Anlage A der Integrationsvereinbarungs-Verordnung \u2013 IV-V 2017 sowie der Lernunterlage zum Werte- und Orientierungskurs Mein Leben in \u00d6sterreich. Chancen und Regeln (2016).<\/p>\n","protected":false},"excerpt":{"rendered":"<p>Zus\u00e4tzlich zur Modellpr\u00fcfung gibt es einen Fragenkatalog, der eine Auswahl an m\u00f6glichen Pr\u00fcfungsfragen (inklusive L\u00f6sungen) zum Werte- und Orientierungswissen enth\u00e4lt.<\/p>\n","protected":false},"featured_media":29695,"template":"","meta":[],"product_brand":[],"product_cat":[77],"product_tag":[],"class_list":{"0":"post-29897","1":"product","2":"type-product","3":"status-publish","4":"has-post-thumbnail","6":"product_cat-weitere-materialien","7":"pa_isbn-a1-978-3-903164-28-4","9":"first","10":"instock","11":"sale","12":"taxable","13":"shipping-taxable","14":"purchasable","15":"product-type-simple"},"acf":[],"yoast_head":"<!-- This site is optimized with the Yoast SEO plugin v21.9.1 - https:\/\/yoast.com\/wordpress\/plugins\/seo\/ -->\n<title>\u00d6SD Integrationspr\u00fcfung A2 Fragenkatalog - \u00d6SD - Webshop<\/title>\n<meta name=\"robots\" content=\"noindex, follow, max-snippet:-1, max-image-preview:large, max-video-preview:-1\" \/>\n<meta property=\"og:locale\" content=\"en_US\" \/>\n<meta property=\"og:type\" content=\"article\" \/>\n<meta property=\"og:title\" content=\"\u00d6SD Integrationspr\u00fcfung A2 Fragenkatalog - \u00d6SD - Webshop\" \/>\n<meta property=\"og:description\" content=\"Zus\u00e4tzlich zur Modellpr\u00fcfung gibt es einen Fragenkatalog, der eine Auswahl an m\u00f6glichen Pr\u00fcfungsfragen (inklusive L\u00f6sungen) zum Werte- und Orientierungswissen enth\u00e4lt.\" \/>\n<meta property=\"og:url\" content=\"https:\/\/testsam.dev-osd.at\/en\/produkt\/osd-intergrationsprufung-a2\/\" \/>\n<meta property=\"og:site_name\" content=\"\u00d6SD - Webshop\" \/>\n<meta property=\"article:modified_time\" content=\"2024-02-22T14:12:47+00:00\" \/>\n<meta property=\"og:image\" content=\"https:\/\/testsam.dev-osd.at\/wp-content\/uploads\/2021\/08\/O\u0308SD-Integrationspru\u0308fung-A2-Fragenkatalog-1.jpg\" \/>\n\t<meta property=\"og:image:width\" content=\"500\" \/>\n\t<meta property=\"og:image:height\" content=\"710\" \/>\n\t<meta property=\"og:image:type\" content=\"image\/jpeg\" \/>\n<meta name=\"twitter:card\" content=\"summary_large_image\" \/>\n<script type=\"application\/ld+json\" class=\"yoast-schema-graph\">{\"@context\":\"https:\/\/schema.org\",\"@graph\":[{\"@type\":\"WebPage\",\"@id\":\"https:\/\/testsam.dev-osd.at\/en\/produkt\/osd-intergrationsprufung-a2\/\",\"url\":\"https:\/\/testsam.dev-osd.at\/en\/produkt\/osd-intergrationsprufung-a2\/\",\"name\":\"\u00d6SD Integrationspr\u00fcfung A2 Fragenkatalog - \u00d6SD - Webshop\",\"isPartOf\":{\"@id\":\"https:\/\/testsam.dev-osd.at\/en\/#website\"},\"datePublished\":\"2021-08-30T09:31:00+00:00\",\"dateModified\":\"2024-02-22T14:12:47+00:00\",\"breadcrumb\":{\"@id\":\"https:\/\/testsam.dev-osd.at\/en\/produkt\/osd-intergrationsprufung-a2\/#breadcrumb\"},\"inLanguage\":\"en-US\",\"potentialAction\":[{\"@type\":\"ReadAction\",\"target\":[\"https:\/\/testsam.dev-osd.at\/en\/produkt\/osd-intergrationsprufung-a2\/\"]}]},{\"@type\":\"BreadcrumbList\",\"@id\":\"https:\/\/testsam.dev-osd.at\/en\/produkt\/osd-intergrationsprufung-a2\/#breadcrumb\",\"itemListElement\":[{\"@type\":\"ListItem\",\"position\":1,\"name\":\"Shop\",\"item\":\"https:\/\/testsam.dev-osd.at\/en\/shop-2\/\"},{\"@type\":\"ListItem\",\"position\":2,\"name\":\"\u00d6SD Integrationspr\u00fcfung A2 Fragenkatalog\"}]},{\"@type\":\"WebSite\",\"@id\":\"https:\/\/testsam.dev-osd.at\/en\/#website\",\"url\":\"https:\/\/testsam.dev-osd.at\/en\/\",\"name\":\"\u00d6SD - Webshop\",\"description\":\"\",\"potentialAction\":[{\"@type\":\"SearchAction\",\"target\":{\"@type\":\"EntryPoint\",\"urlTemplate\":\"https:\/\/testsam.dev-osd.at\/en\/?s={search_term_string}\"},\"query-input\":\"required name=search_term_string\"}],\"inLanguage\":\"en-US\"}]}<\/script>\n<!-- \/ Yoast SEO plugin. -->","yoast_head_json":{"title":"\u00d6SD Integrationspr\u00fcfung A2 Fragenkatalog - \u00d6SD - Webshop","robots":{"index":"noindex","follow":"follow","max-snippet":"max-snippet:-1","max-image-preview":"max-image-preview:large","max-video-preview":"max-video-preview:-1"},"og_locale":"en_US","og_type":"article","og_title":"\u00d6SD Integrationspr\u00fcfung A2 Fragenkatalog - \u00d6SD - Webshop","og_description":"Zus\u00e4tzlich zur Modellpr\u00fcfung gibt es einen Fragenkatalog, der eine Auswahl an m\u00f6glichen Pr\u00fcfungsfragen (inklusive L\u00f6sungen) zum Werte- und Orientierungswissen enth\u00e4lt.","og_url":"https:\/\/testsam.dev-osd.at\/en\/produkt\/osd-intergrationsprufung-a2\/","og_site_name":"\u00d6SD - Webshop","article_modified_time":"2024-02-22T14:12:47+00:00","og_image":[{"width":500,"height":710,"url":"https:\/\/testsam.dev-osd.at\/wp-content\/uploads\/2021\/08\/O\u0308SD-Integrationspru\u0308fung-A2-Fragenkatalog-1.jpg","type":"image\/jpeg"}],"twitter_card":"summary_large_image","schema":{"@context":"https:\/\/schema.org","@graph":[{"@type":"WebPage","@id":"https:\/\/testsam.dev-osd.at\/en\/produkt\/osd-intergrationsprufung-a2\/","url":"https:\/\/testsam.dev-osd.at\/en\/produkt\/osd-intergrationsprufung-a2\/","name":"\u00d6SD Integrationspr\u00fcfung A2 Fragenkatalog - \u00d6SD - Webshop","isPartOf":{"@id":"https:\/\/testsam.dev-osd.at\/en\/#website"},"datePublished":"2021-08-30T09:31:00+00:00","dateModified":"2024-02-22T14:12:47+00:00","breadcrumb":{"@id":"https:\/\/testsam.dev-osd.at\/en\/produkt\/osd-intergrationsprufung-a2\/#breadcrumb"},"inLanguage":"en-US","potentialAction":[{"@type":"ReadAction","target":["https:\/\/testsam.dev-osd.at\/en\/produkt\/osd-intergrationsprufung-a2\/"]}]},{"@type":"BreadcrumbList","@id":"https:\/\/testsam.dev-osd.at\/en\/produkt\/osd-intergrationsprufung-a2\/#breadcrumb","itemListElement":[{"@type":"ListItem","position":1,"name":"Shop","item":"https:\/\/testsam.dev-osd.at\/en\/shop-2\/"},{"@type":"ListItem","position":2,"name":"\u00d6SD Integrationspr\u00fcfung A2 Fragenkatalog"}]},{"@type":"WebSite","@id":"https:\/\/testsam.dev-osd.at\/en\/#website","url":"https:\/\/testsam.dev-osd.at\/en\/","name":"\u00d6SD - Webshop","description":"","potentialAction":[{"@type":"SearchAction","target":{"@type":"EntryPoint","urlTemplate":"https:\/\/testsam.dev-osd.at\/en\/?s={search_term_string}"},"query-input":"required name=search_term_string"}],"inLanguage":"en-US"}]}},"_links":{"self":[{"href":"https:\/\/testsam.dev-osd.at\/en\/wp-json\/wp\/v2\/product\/29897","targetHints":{"allow":["GET"]}}],"collection":[{"href":"https:\/\/testsam.dev-osd.at\/en\/wp-json\/wp\/v2\/product"}],"about":[{"href":"https:\/\/testsam.dev-osd.at\/en\/wp-json\/wp\/v2\/types\/product"}],"wp:featuredmedia":[{"embeddable":true,"href":"https:\/\/testsam.dev-osd.at\/en\/wp-json\/wp\/v2\/media\/29695"}],"wp:attachment":[{"href":"https:\/\/testsam.dev-osd.at\/en\/wp-json\/wp\/v2\/media?parent=29897"}],"wp:term":[{"taxonomy":"product_brand","embeddable":true,"href":"https:\/\/testsam.dev-osd.at\/en\/wp-json\/wp\/v2\/product_brand?post=29897"},{"taxonomy":"product_cat","embeddable":true,"href":"https:\/\/testsam.dev-osd.at\/en\/wp-json\/wp\/v2\/product_cat?post=29897"},{"taxonomy":"product_tag","embeddable":true,"href":"https:\/\/testsam.dev-osd.at\/en\/wp-json\/wp\/v2\/product_tag?post=29897"}],"curies":[{"name":"wp","href":"https:\/\/api.w.org\/{rel}","templated":true}]}}