{"id":45535,"date":"2016-04-29T08:57:46","date_gmt":"2016-04-29T06:57:46","guid":{"rendered":"https:\/\/testsam.dev-osd.at\/datenschutz\/"},"modified":"2016-04-29T08:57:46","modified_gmt":"2016-04-29T06:57:46","slug":"datenschutz","status":"publish","type":"page","link":"https:\/\/testsam.dev-osd.at\/en\/datenschutz\/","title":{"rendered":"Datenschutz"},"content":{"rendered":"<h2><strong>Inhalt<\/strong><\/h2>\n<ol>\n<li>Datenschutz<\/li>\n<li>Verantwortliche Stelle<\/li>\n<li>Rechte des Betroffenen \u2013 Auskunft, Sperrung, L\u00f6schung<\/li>\n<li>Beschwerderecht bei der zust\u00e4ndigen Aufsichtsbeh\u00f6rde<\/li>\n<li>Erhebung und Nutzung personenbezogener Daten<\/li>\n<li>Weitergabe und Offenlegung von Daten<\/li>\n<li>Server-Logdateien<\/li>\n<li>Benutzerkonto<\/li>\n<li>Bestellvorgang<\/li>\n<li>Bonit\u00e4tspr\u00fcfung<\/li>\n<li>Kontaktformular<\/li>\n<li>Sichere Daten\u00fcbertragung<\/li>\n<li>Datenaufbewahrung<\/li>\n<li>Google Analytics<\/li>\n<li>Analyse-Tools und Tools von Drittanbietern<\/li>\n<li>Cookies<\/li>\n<li>Nutzung der Website durch Minderj\u00e4hrige<\/li>\n<li>Links zu anderen Websites<\/li>\n<li>Fragen zur Richtlinie<\/li>\n<\/ol>\n<p>&nbsp;<\/p>\n<h2><strong>Datenschutz<\/strong><\/h2>\n<p>Datenschutz ist Vertrauenssache und Ihr Vertrauen ist uns wichtig. Damit Sie sich beim Besuch unserer Webshop sicher f\u00fchlen k\u00f6nnen, beachten wir bei der Verarbeitung Ihrer personenbezogenen Daten streng die gesetzlichen Bestimmungen und m\u00f6chten Sie hier \u00fcber unsere Datenerhebung und Datenverwendung informieren. Die nachfolgende Datenschutzerkl\u00e4rung erl\u00e4utert Ihnen, welche Ihrer Daten auf unserer Website erhoben werden, welche dieser Daten wir auf welche Art und Weise verarbeiten oder nutzen und an wen Sie sich mit diesbez\u00fcglichen Anliegen wenden k\u00f6nnen.<\/p>\n<p>Wir weisen darauf hin, dass die Daten\u00fcbertragung im Internet (z.\u2009B. bei der Kommunikation per E-Mail) Sicherheitsl\u00fccken aufweisen kann. Ein l\u00fcckenloser Schutz der Daten vor dem Zugriff durch Dritte ist nicht m\u00f6glich.<\/p>\n<p>&nbsp;<\/p>\n<h2><strong>Verantwortliche Stelle<\/strong><\/h2>\n<p>Verantwortliche Stelle f\u00fcr die Erhebung, Verarbeitung und Nutzung Ihrer personenbezogenen Daten im Sinne der DSGVO ist die TESTSAM GmbH. Die TESTSAM GmbH ist als verantwortliche Stelle unter den nachfolgend genannten Kontaktdaten f\u00fcr Sie erreichbar:<\/p>\n<p>TESTSAM GmbH<\/p>\n<p><em>Universit\u00e4tsstra\u00dfe 102<\/em><\/p>\n<p><em>AT-9020 Klagenfurt am W\u00f6rthersee <\/em><\/p>\n<p><em>E-Mail: info@testsam.at<\/em><\/p>\n<p>&nbsp;<\/p>\n<h2>Rechte des Betroffenen \u2013 Auskunft, Sperrung, L\u00f6schung<\/h2>\n<p>Sie k\u00f6nnen jederzeit unentgeltlich Auskunft \u00fcber Ihre bei uns gespeicherten Daten erhalten sowie Ihr Recht auf Berichtigung, Sperrung oder L\u00f6schung Ihrer Daten geltend machen. Nutzen Sie hierzu bitte die oben genannten Kontaktdaten. Sofern Sie der Erhebung, Verarbeitung oder Nutzung Ihrer Daten durch die TESTSAM GmbHnach Ma\u00dfgabe dieser Datenschutzbestimmungen insgesamt oder f\u00fcr einzelne Ma\u00dfnahmen widersprechen wollen, wenden Sie sich per E-Mail oder Brief an die oben genannten Adressen.<\/p>\n<p>&nbsp;<\/p>\n<h2><strong>Beschwerderecht bei der zust\u00e4ndigen Aufsichtsbeh\u00f6rde<\/strong><\/h2>\n<p>Im Falle datenschutzrechtlicher Verst\u00f6\u00dfe steht den Betroffenen ein Beschwerderecht bei der zust\u00e4ndigen Aufsichtsbeh\u00f6rde \u2013 der \u00d6sterreichischen Datenschutzbeh\u00f6rde Wien \u2013 zu. Deren Kontaktdaten finden Sie unter folgendem Link: <a href=\"https:\/\/www.dsb.gv.at\/kontakt\">https:\/\/www.dsb.gv.at\/kontakt<\/a>.<\/p>\n<p>&nbsp;<\/p>\n<h2><strong>Erhebung und Nutzung personenbezogener Daten<\/strong><\/h2>\n<p><strong>Personenbezogene Daten<\/strong> sind Angaben \u00fcber sachliche oder pers\u00f6nliche Verh\u00e4ltnisse einer bestimmten oder bestimmbaren nat\u00fcrlichen Person. Darunter fallen beispielsweise Name, Telefonnummer, Anschrift sowie s\u00e4mtliche Bestandsdaten. Wenn Sie unsere Website besuchen oder mit uns korrespondieren, teilen Sie uns m\u00f6glicherweise Daten \u00fcber sich selbst mit. Darunter k\u00f6nnen sich auch Daten befinden, die R\u00fcckschl\u00fcsse auf Ihre Person zulassen (\u201e<strong>personenbezogene Daten<\/strong>\u201c).<\/p>\n<p><strong>Automatisch erhobene Daten:<\/strong> Wenn Sie unsere Website besuchen, k\u00f6nnen wir automatisch folgende Daten erheben:<\/p>\n<ul>\n<li>Ihre IP-Adresse,<\/li>\n<li>Log-In Daten,<\/li>\n<li>Standort,<\/li>\n<li>Browser Plugin-Typen und -Versionen,<\/li>\n<li>Betriebssystem und -plattform,<\/li>\n<li>Informationen zu Ihrem Besuch einschlie\u00dflich des URL-Clickstreams (Folge von Seitenaufrufen auf unserer Website,<\/li>\n<li>die Dauer des Besuchs von bestimmten Seiten und Interaktionen zwischen den Seiten.<\/li>\n<\/ul>\n<p>Die automatische Datenerhebung erfolgt durch den Einsatz verschiedener Technologien.<\/p>\n<p>Wir verwenden jene Daten, die automatisch von uns erhoben werden, um<\/p>\n<ul>\n<li>unsere Website f\u00fcr interne T\u00e4tigkeiten \u2013 einschlie\u00dflich f\u00fcr Zwecke der Fehlerbehebung \u2013 zu verwalten,<\/li>\n<li>sicherzustellen, dass die Inhalte unserer Website f\u00fcr Sie auf Ihren Endger\u00e4ten so effektiv wie m\u00f6glich dargestellt werden,<\/li>\n<li>Schutz und Sicherheit unserer Website zu gew\u00e4hrleisten,<\/li>\n<li>Ihnen und anderen Nutzerinnen und Nutzern unserer Website interessenbasierte Empfehlungen zu Produkten und Leistungen vorzuschlagen.<\/li>\n<\/ul>\n<p>&nbsp;<\/p>\n<h2><strong>Weitergabe und Offenlegung von Daten<\/strong><\/h2>\n<p>Wir k\u00f6nnen Ihre Daten f\u00fcr die in dieser Richtlinie angegebenen Zwecke an mit der TESTSAM GmbH verbundene Unternehmen und an in dieser Richtlinie angegebene Dritte weitergeben. Wir k\u00f6nnen Ihre Daten gegebenenfalls auch mit Dritten teilen, wenn<\/p>\n<ul>\n<li>dies ausdr\u00fccklich von Ihnen verlangt wird (z. B. in sozialen Netzwerken),<\/li>\n<li>dies zur Gew\u00e4hrleistung des Schutzes und der Sicherheit unserer Benutzer, Verbraucher und von Dritten erforderlich ist,<\/li>\n<li>es zum Schutz unserer Rechte und unseres Eigentums sowie der Rechte und des Eigentums unserer G\u00e4ste oder Dritter notwendig ist,<\/li>\n<li>es erforderlich ist, einen externen Dienstanbieter einzubinden, um unsere Dienste zu erleichtern oder zu erweitern,<\/li>\n<li>dies aufgrund einer gerichtlichen Verf\u00fcgung oder einer gesetzlichen bzw. beh\u00f6rdlichen Anforderung verlangt wird,<\/li>\n<li>es zur Durchsetzung unserer Nutzungsbedingungen unerl\u00e4sslich ist oder<\/li>\n<li>dies im Zusammenhang mit dem Verkauf oder der \u00dcbertragung des Unternehmens steht.<\/li>\n<\/ul>\n<p>Grundlage f\u00fcr die Datenverarbeitung ist Art. 6 Abs. 1 lit. b DSGVO, der die Verarbeitung von Daten zur Erf\u00fcllung eines Vertrags oder vorvertraglicher Ma\u00dfnahmen gestattet.<\/p>\n<p>&nbsp;<\/p>\n<h2><strong>Server-Logdateien<\/strong><\/h2>\n<p>Der Provider der Seiten erhebt und speichert automatisch Informationen in sogenannten Server-Logdateien, die Ihr Browser automatisch an uns \u00fcbermittelt. Dies sind:<\/p>\n<ul>\n<li>Browsertyp und Browserversion<\/li>\n<li>verwendetes Betriebssystem<\/li>\n<li>Referrer URL<\/li>\n<li>Hostname des zugreifenden Rechners<\/li>\n<li>Uhrzeit der Serveranfrage<\/li>\n<li>IP-Adresse<\/li>\n<\/ul>\n<p>Eine Zusammenf\u00fchrung dieser Daten mit anderen Datenquellen wird nicht vorgenommen. Grundlage f\u00fcr die Datenverarbeitung ist Art. 6 Abs. 1 lit. b DSGVO, der die Verarbeitung von Daten zur Erf\u00fcllung eines Vertrags oder vorvertraglicher Ma\u00dfnahmen gestattet.<\/p>\n<p>&nbsp;<\/p>\n<h2><strong>Benutzerkonto<\/strong><\/h2>\n<p>Um \u00fcber dieses Angebot Bestellungen t\u00e4tigen zu k\u00f6nnen, muss jeder Kunde ein passwortgesch\u00fctztes Kundenkonto einrichten. Dieses beinhaltet eine \u00dcbersicht \u00fcber get\u00e4tigte Bestellungen und aktive Bestellvorg\u00e4nge. Sofern Sie als Kunde den Onlineshop verlassen, werden Sie automatisch ausgeloggt.<\/p>\n<p>Der Betreiber \u00fcbernimmt keine Haftung f\u00fcr Passwortmissbrauch, sofern dieser nicht von dem Betreiber selbst verursacht wurde.<\/p>\n<p>&nbsp;<\/p>\n<h2><strong>Bestellvorgang<\/strong><\/h2>\n<p>S\u00e4mtliche Daten, welche im Rahmen einer Bestellabwicklung von den Kunden eingegeben werden, werden gespeichert. Dazu geh\u00f6ren:<\/p>\n<ul>\n<li>Name, Vorname<\/li>\n<li>Adresse<\/li>\n<li>Zahldaten<\/li>\n<li>E-Mail-Adresse<\/li>\n<\/ul>\n<p>Jene Daten, welche zur Auslieferung oder Auftragsabwicklung zwingend notwendig sind, werden an dritte Dienstleister weitergegeben. Sowie die Aufbewahrung Ihrer Daten nicht mehr erforderlich oder gesetzlich geboten ist, werden diese gel\u00f6scht.<\/p>\n<p>&nbsp;<\/p>\n<h2><strong>Bonit\u00e4tspr\u00fcfung<\/strong><\/h2>\n<p>Um Ihre und die Sicherheit des Betreibers zu gew\u00e4hrleisten, f\u00fchrt dieser eine Bonit\u00e4tspr\u00fcfung vor Abschluss eines Vertrags durch. Neben einer Pr\u00fcfung der vergangene Transaktionen mit dem Betreiber und eventueller \u00c4nderungen Ihrer pers\u00f6nlichen Daten greift der Betreiber ebenfalls auf dritte Dienstleister zur\u00fcck.<\/p>\n<p>&nbsp;<\/p>\n<h2><strong>Kontaktformular<\/strong><\/h2>\n<p>Wenn Sie uns per Kontaktformular eine Anfrage zukommen lassen, werden Ihre Angaben aus dem Anfrageformular inklusive der von Ihnen dort angegebenen Kontaktdaten zwecks Bearbeitung der Anfrage und f\u00fcr den Fall von Anschlussfragen bei uns gespeichert. Diese Daten geben wir nicht ohne Ihre Einwilligung weiter. Die Verarbeitung der in das Kontaktformular eingegebenen Daten erfolgt somit ausschlie\u00dflich auf Grundlage Ihrer Einwilligung (Art. 6 Abs. 1 lit. a DSGVO). Sie k\u00f6nnen diese Einwilligung jederzeit widerrufen. Dazu reicht eine formlose Mitteilung per E-Mail an <a href=\"mailto:info@testsam.at\">info@testsam.at<\/a> . Die Rechtm\u00e4\u00dfigkeit der bis zum Widerruf erfolgten Datenverarbeitungsvorg\u00e4nge bleibt vom Widerruf unber\u00fchrt. Die von Ihnen im Kontaktformular eingegebenen Daten werden bei uns gespeichert, bis Sie uns zur L\u00f6schung auffordern, Ihre Einwilligung zur Speicherung widerrufen oder der Zweck f\u00fcr die Datenspeicherung entf\u00e4llt (z. B. nach abgeschlossener Bearbeitung Ihrer Anfrage). Zwingende gesetzliche Bestimmungen \u2013 insbesondere Aufbewahrungsfristen \u2013 bleiben unber\u00fchrt.<\/p>\n<p>&nbsp;<\/p>\n<h2><strong>Sichere Daten\u00fcbertragung<\/strong><\/h2>\n<p>Diese Seite nutzt aus Sicherheitsgr\u00fcnden und zum Schutz der \u00dcbertragung vertraulicher Inhalte, wie zum Beispiel Anfragen usw., die Sie an uns als Seitenbetreiber senden, eine SSL-bzw. TLS-Verschl\u00fcsselung. Eine verschl\u00fcsselte Verbindung erkennen Sie daran, dass die Adresszeile des Browsers von \u201chttp:\/\/\u201d auf \u201chttps:\/\/\u201d wechselt, und an dem Schloss-Symbol in Ihrer Browserzeile. Wenn die SSL- bzw. TLS-Verschl\u00fcsselung aktiviert ist, k\u00f6nnen die Daten, die Sie an uns \u00fcbermitteln, nicht von Dritten mitgelesen werden. Des Weiteren sichern wir unsere Website und sonstigen Systeme durch technische und organisatorische Ma\u00dfnahmen gegen Verlust, Zerst\u00f6rung, Zugriff, Ver\u00e4nderung oder Verbreitung Ihrer Daten durch unbefugte Personen ab. Alle Daten, die Sie uns zur Verf\u00fcgung stellen, werden auf sicheren Servern gespeichert.<\/p>\n<p>&nbsp;<\/p>\n<h2><strong>Datenaufbewahrung<\/strong><\/h2>\n<p>Wir bewahren Ihre Daten nicht l\u00e4nger auf als es f\u00fcr unsere Gesch\u00e4ftszwecke bzw. aufgrund rechtlicher Anforderungen notwendig ist, es die Erbringung der von Ihnen angeforderten Dienstleistung erfordert oder es in einer entsprechenden Einwilligung festgelegt wurde.<\/p>\n<p>&nbsp;<\/p>\n<h2><strong>Google Analytics<\/strong><\/h2>\n<p>Diese Website nutzt den Dienst \u201eGoogle Analytics\u201c, welcher von der Google Inc. (1600 Amphitheatre Parkway Mountain View, CA 94043, USA) zur Analyse der Website-Benutzung durch Nutzer angeboten wird. Der Dienst verwendet Textdateien (\u201eCookies\u201c), welche auf Ihrem Endger\u00e4t gespeichert werden. Die durch die Cookies gesammelten Informationen werden im Regelfall an einen Google-Server in den USA gesandt und dort gespeichert.<\/p>\n<p>Auf dieser Website greift die IP-Anonymisierung. Die IP-Adresse der Nutzer wird innerhalb der Mitgliedsstaaten der EU und des Europ\u00e4ischen Wirtschaftsraums gek\u00fcrzt. Durch diese K\u00fcrzung entf\u00e4llt der Personenbezug Ihrer IP-Adresse. Im Rahmen der Auftragsdatenvereinbarung, welche die Website-Betreiber mit der Google Inc. geschlossen haben, werden mithilfe der gesammelten Informationen Auswertungen der Website-Nutzung und der Website-Aktivit\u00e4t erstellt und mit der Internetnutzung verbundene Dienstleistungen erbracht.<\/p>\n<p>Sie haben die M\u00f6glichkeit, die Speicherung der Cookies auf Ihrem Ger\u00e4t zu verhindern, indem Sie in Ihrem Browser entsprechende Einstellungen vornehmen. Es ist nicht gew\u00e4hrleistet, dass Sie auf alle Funktionen dieser Website ohne Einschr\u00e4nkungen zugreifen k\u00f6nnen, wenn Ihr Browser keine Cookies zul\u00e4sst.<\/p>\n<p>&nbsp;<\/p>\n<h2><strong>Analyse-Tools und Tools von Drittanbietern<\/strong><\/h2>\n<p>Beim Besuch unserer Website kann Ihr Surf-Verhalten statistisch ausgewertet werden. Das geschieht mit sogenannten Analyseprogrammen. Die Analyse Ihres Surf-Verhaltens erfolgt in der Regel anonym, das Surf-Verhalten kann nicht zu Ihnen zur\u00fcckverfolgt werden. Sie k\u00f6nnen diese Analyse durch Benutzung bestimmter Tools verhindern.<\/p>\n<p><b>\u00a0<\/b><\/p>\n<h2><strong>Cookies<\/strong><\/h2>\n<p>Das Akzeptieren von Cookies ist keine Voraussetzung zum Besuch unserer Webseiten. Jedoch weisen wir Sie darauf hin, dass unsere Webseite und Service nur eingeschr\u00e4nkte Funktionalit\u00e4ten hat, wenn Sie es uns nicht erlauben Cookies zu setzen.<\/p>\n<p>Was sind Cookies?<\/p>\n<p>Cookies sind kleine Dateien, die auf Ihrem Datentr\u00e4ger gespeichert werden und die bestimmte Einstellungen und Daten zum Austausch mit unserem System \u00fcber Ihren Browser speichern. Grunds\u00e4tzlich unterscheidet man 2 verschiedenen Arten von Cookies, sogenannte Session-Cookies, die gel\u00f6scht werden, sobald Sie Ihren Browser schlie\u00dfen und tempor\u00e4re\/permanente Cookies, die f\u00fcr einen l\u00e4ngeren Zeitraum oder unbegrenzt auf Ihrem Datentr\u00e4ger gespeichert werden. Diese Speicherung hilft uns, unsere Webseiten und unsere Angebote f\u00fcr Sie entsprechend zu gestalten und erleichtert Ihnen die Nutzung, indem beispielsweise bestimmte Eingaben von Ihnen so gespeichert werden, dass Sie sie nicht st\u00e4ndig wiederholen m\u00fcssen.<\/p>\n<p>Welche Cookies verwenden wir<\/p>\n<p>Die meisten der von uns verwendeten Cookies werden nach Ende der Browser-Sitzung (Ende der Session) automatisch wieder von Ihrer Festplatte gel\u00f6scht (daher auch Session-Cookies). Dar\u00fcber hinaus verwenden wir auch Cookies, die auf der Festplatte bei Ihnen verbleiben. Bei einem weiteren Besuch wird dann automatisch erkannt, dass Sie bereits bei uns waren und welche Eingaben und Einstellungen Sie bevorzugen. Diese tempor\u00e4ren oder auch permanenten Cookies (Lebensdauer 1 Monat bis 10 Jahre) werden auf Ihrer Festplatte gespeichert und l\u00f6schen sich nach der vorgegebenen Zeit von allein. Insbesondere diese Cookies dienen dazu, unser Angebot nutzerfreundlicher, effektiver und sicherer zu machen. Dank dieser Dateien ist es beispielsweise m\u00f6glich, dass Sie speziell auf Ihre Interessen abgestimmte Informationen auf der Seite angezeigt bekommen. Der ausschlie\u00dfliche Zweck dieser Cookies besteht darin, unser Angebot Ihren W\u00fcnschen bestm\u00f6glich anzupassen und Ihnen das Surfen bei uns so komfortabel wie m\u00f6glich zu gestalten.<\/p>\n<p>Welche Daten sind in den Cookies gespeichert?<\/p>\n<p>In den von uns verwendeten Cookies werden lediglich pseudonyme Daten gespeichert. Bei Aktivierung des Cookies wird diesem eine Identifikationsnummer zugewiesen und eine Zuordnung Ihrer personenbezogenen Daten zu dieser Identifikationsnummer wird nicht vorgenommen. Ihr Name, Ihre IP-Adresse oder \u00e4hnliche Daten, die eine direkte Zuordnung des Cookies zu Ihnen erm\u00f6glichen w\u00fcrde, werden nicht in den Cookie eingelegt. Auf Basis der Cookie-Technologie erhalten wir lediglich pseudonymisierte Informationen, beispielsweise dar\u00fcber, welche Seiten unseres Shops besucht wurden, welche Produkte angesehen wurden, etc.<\/p>\n<p>Gibt es auch Cookies von Drittanbietern (sog. Third-Party-Cookies)?<\/p>\n<p>Die TESTSAM GmbH bedient sich einiger Werbepartner, die dabei helfen, das Internetangebot und die Webseiten f\u00fcr Sie interessanter zu gestalten. Daher werden bei einem Besuch der Webseiten auch Cookies von Partnerunternehmen auf Ihrer Festplatte gespeichert. Hierbei handelt es sich um tempor\u00e4re\/permanente Cookies, die sich automatisch nach der vorgegebenen Zeit l\u00f6schen. Diese tempor\u00e4ren oder auch permanenten Cookies (Lebensdauer 14 Tage bis 10 Jahre) werden auf Ihrer Festplatte gespeichert und l\u00f6schen sich nach der vorgegebenen Zeit von allein. Auch die Cookies unserer Partnerunternehmen enthalten lediglich pseudonyme meist sogar anonyme Daten. Hierbei handelt es sich beispielsweise um Daten dar\u00fcber, welche Produkte Sie sich angesehen haben, ob etwas gekauft wurde, welche Produkte gesucht wurden, etc. Hierbei erfassen einige unserer Werbepartner auch \u00fcber die Webseiten hinaus Informationen dar\u00fcber, welche Seiten Sie zuvor besucht haben oder f\u00fcr welche Produkte Sie sich beispielsweise interessiert haben, um Ihnen so die Werbung anzeigen zu k\u00f6nnen, die Ihren Interessen bestm\u00f6glich entspricht.<\/p>\n<p>Wie k\u00f6nnen Sie die Speicherung von Cookies verhindern?<\/p>\n<p>In Ihrem Browser k\u00f6nnen Sie einstellen, dass eine Speicherung von Cookies nur akzeptiert wird, wenn Sie dem zustimmen und so f\u00fcr die Zukunft ein weiteres Setzen von Cookies verhindern. Wenn Sie nur die TESTSAM-Cookies nicht aber die Cookies unserer Dienstleister und Partner akzeptieren wollen, k\u00f6nnen Sie die Einstellung in Ihrem Browser &#8220;Cookies von Drittanbietern blockieren&#8221; w\u00e4hlen. In der Regel wird Ihnen in der Men\u00fcleiste Ihres Webbrowsers \u00fcber die Hilfe-Funktion angezeigt, wie Sie neue Cookies abweisen und bereits erhaltene ausschalten k\u00f6nnen.<\/p>\n<p>&nbsp;<\/p>\n<h2><strong>Nutzung der Website durch Minderj\u00e4hrige<\/strong><\/h2>\n<p>Wenn du 14 Jahre alt oder j\u00fcnger bist, musst du bitte erst die Einwilligung deiner Eltern\u2009\/\u2009Erziehungsberechtigten einholen, bevor du uns \u00fcber unsere Website Daten \u00fcbermittelst. Ohne diese Einwilligung ist die Angabe von Daten untersagt. Solltest du uns dennoch Daten zukommen lassen, werden wir diese Daten nicht verarbeiten, sobald wir davon Kenntnis erlangen.<\/p>\n<p>&nbsp;<\/p>\n<h2><strong>Links zu anderen Websites<\/strong><\/h2>\n<p>Diese Website enth\u00e4lt Links zu externen Websites Dritter. F\u00fcr die Inhalte der verlinkten Seiten ist stets der jeweilige Anbieter oder Betreiber verantwortlich. Bei Bekanntwerden von Rechtsverletzungen werden derartige Links umgehend entfernt.<\/p>\n<p>&nbsp;<\/p>\n<h2><strong>Fragen zur Richtlinie<\/strong><\/h2>\n<p>Sollten Sie Fragen, Bedenken oder Beschwerden in Bezug auf die Richtlinie oder unseren Umgang mit Ihren Daten haben, senden Sie uns bitte ein E-Mail an: info@testsam.at<\/p>\n","protected":false},"excerpt":{"rendered":"<p>Inhalt Datenschutz Verantwortliche Stelle Rechte des Betroffenen \u2013 Auskunft, Sperrung, L\u00f6schung Beschwerderecht bei der zust\u00e4ndigen Aufsichtsbeh\u00f6rde Erhebung und Nutzung personenbezogener Daten Weitergabe und Offenlegung von&#8230;<\/p>\n","protected":false},"author":3,"featured_media":0,"parent":0,"menu_order":0,"comment_status":"open","ping_status":"closed","template":"","meta":{"footnotes":""},"class_list":["post-45535","page","type-page","status-publish","hentry"],"acf":[],"yoast_head":"<!-- This site is optimized with the Yoast SEO plugin v21.9.1 - https:\/\/yoast.com\/wordpress\/plugins\/seo\/ -->\n<title>Datenschutz - \u00d6SD - Webshop<\/title>\n<meta name=\"robots\" content=\"noindex, follow, max-snippet:-1, max-image-preview:large, max-video-preview:-1\" \/>\n<meta property=\"og:locale\" content=\"en_US\" \/>\n<meta property=\"og:type\" content=\"article\" \/>\n<meta property=\"og:title\" content=\"Datenschutz - \u00d6SD - Webshop\" \/>\n<meta property=\"og:description\" content=\"Inhalt Datenschutz Verantwortliche Stelle Rechte des Betroffenen \u2013 Auskunft, Sperrung, L\u00f6schung Beschwerderecht bei der zust\u00e4ndigen Aufsichtsbeh\u00f6rde Erhebung und Nutzung personenbezogener Daten Weitergabe und Offenlegung von...\" \/>\n<meta property=\"og:url\" content=\"https:\/\/testsam.dev-osd.at\/en\/datenschutz\/\" \/>\n<meta property=\"og:site_name\" content=\"\u00d6SD - Webshop\" \/>\n<meta name=\"twitter:card\" content=\"summary_large_image\" \/>\n<meta name=\"twitter:label1\" content=\"Est. reading time\" \/>\n\t<meta name=\"twitter:data1\" content=\"11 minutes\" \/>\n<script type=\"application\/ld+json\" class=\"yoast-schema-graph\">{\"@context\":\"https:\/\/schema.org\",\"@graph\":[{\"@type\":\"WebPage\",\"@id\":\"https:\/\/testsam.dev-osd.at\/en\/datenschutz\/\",\"url\":\"https:\/\/testsam.dev-osd.at\/en\/datenschutz\/\",\"name\":\"Datenschutz - \u00d6SD - Webshop\",\"isPartOf\":{\"@id\":\"https:\/\/testsam.dev-osd.at\/en\/#website\"},\"datePublished\":\"2016-04-29T06:57:46+00:00\",\"dateModified\":\"2016-04-29T06:57:46+00:00\",\"inLanguage\":\"en-US\",\"potentialAction\":[{\"@type\":\"ReadAction\",\"target\":[\"https:\/\/testsam.dev-osd.at\/en\/datenschutz\/\"]}]},{\"@type\":\"WebSite\",\"@id\":\"https:\/\/testsam.dev-osd.at\/en\/#website\",\"url\":\"https:\/\/testsam.dev-osd.at\/en\/\",\"name\":\"\u00d6SD - Webshop\",\"description\":\"\",\"potentialAction\":[{\"@type\":\"SearchAction\",\"target\":{\"@type\":\"EntryPoint\",\"urlTemplate\":\"https:\/\/testsam.dev-osd.at\/en\/?s={search_term_string}\"},\"query-input\":\"required name=search_term_string\"}],\"inLanguage\":\"en-US\"}]}<\/script>\n<!-- \/ Yoast SEO plugin. -->","yoast_head_json":{"title":"Datenschutz - \u00d6SD - Webshop","robots":{"index":"noindex","follow":"follow","max-snippet":"max-snippet:-1","max-image-preview":"max-image-preview:large","max-video-preview":"max-video-preview:-1"},"og_locale":"en_US","og_type":"article","og_title":"Datenschutz - \u00d6SD - Webshop","og_description":"Inhalt Datenschutz Verantwortliche Stelle Rechte des Betroffenen \u2013 Auskunft, Sperrung, L\u00f6schung Beschwerderecht bei der zust\u00e4ndigen Aufsichtsbeh\u00f6rde Erhebung und Nutzung personenbezogener Daten Weitergabe und Offenlegung von...","og_url":"https:\/\/testsam.dev-osd.at\/en\/datenschutz\/","og_site_name":"\u00d6SD - Webshop","twitter_card":"summary_large_image","twitter_misc":{"Est. reading time":"11 minutes"},"schema":{"@context":"https:\/\/schema.org","@graph":[{"@type":"WebPage","@id":"https:\/\/testsam.dev-osd.at\/en\/datenschutz\/","url":"https:\/\/testsam.dev-osd.at\/en\/datenschutz\/","name":"Datenschutz - \u00d6SD - Webshop","isPartOf":{"@id":"https:\/\/testsam.dev-osd.at\/en\/#website"},"datePublished":"2016-04-29T06:57:46+00:00","dateModified":"2016-04-29T06:57:46+00:00","inLanguage":"en-US","potentialAction":[{"@type":"ReadAction","target":["https:\/\/testsam.dev-osd.at\/en\/datenschutz\/"]}]},{"@type":"WebSite","@id":"https:\/\/testsam.dev-osd.at\/en\/#website","url":"https:\/\/testsam.dev-osd.at\/en\/","name":"\u00d6SD - Webshop","description":"","potentialAction":[{"@type":"SearchAction","target":{"@type":"EntryPoint","urlTemplate":"https:\/\/testsam.dev-osd.at\/en\/?s={search_term_string}"},"query-input":"required name=search_term_string"}],"inLanguage":"en-US"}]}},"_links":{"self":[{"href":"https:\/\/testsam.dev-osd.at\/en\/wp-json\/wp\/v2\/pages\/45535","targetHints":{"allow":["GET"]}}],"collection":[{"href":"https:\/\/testsam.dev-osd.at\/en\/wp-json\/wp\/v2\/pages"}],"about":[{"href":"https:\/\/testsam.dev-osd.at\/en\/wp-json\/wp\/v2\/types\/page"}],"author":[{"embeddable":true,"href":"https:\/\/testsam.dev-osd.at\/en\/wp-json\/wp\/v2\/users\/3"}],"replies":[{"embeddable":true,"href":"https:\/\/testsam.dev-osd.at\/en\/wp-json\/wp\/v2\/comments?post=45535"}],"version-history":[{"count":0,"href":"https:\/\/testsam.dev-osd.at\/en\/wp-json\/wp\/v2\/pages\/45535\/revisions"}],"wp:attachment":[{"href":"https:\/\/testsam.dev-osd.at\/en\/wp-json\/wp\/v2\/media?parent=45535"}],"curies":[{"name":"wp","href":"https:\/\/api.w.org\/{rel}","templated":true}]}}