{"id":45533,"date":"2018-06-22T07:22:27","date_gmt":"2018-06-22T07:22:27","guid":{"rendered":"https:\/\/testsam.dev-osd.at\/kontakt\/"},"modified":"2018-06-22T07:22:27","modified_gmt":"2018-06-22T07:22:27","slug":"kontakt","status":"publish","type":"page","link":"https:\/\/testsam.dev-osd.at\/en\/kontakt\/","title":{"rendered":"Kontakt"},"content":{"rendered":"<p><strong>Testsam GmbH<\/strong><br \/>\nUniversit\u00e4tstrasse 102<br \/>\n9020 Klagenfurt<br \/>\n\u00d6sterreich<\/p>\n<p>E-Mail: bestellung@testsam.at<\/p>\n","protected":false},"excerpt":{"rendered":"<p>Testsam GmbH Universit\u00e4tstrasse 102 9020 Klagenfurt \u00d6sterreich E-Mail: bestellung@testsam.at<\/p>\n","protected":false},"author":1,"featured_media":0,"parent":0,"menu_order":0,"comment_status":"closed","ping_status":"closed","template":"","meta":{"footnotes":""},"class_list":["post-45533","page","type-page","status-publish","hentry"],"acf":[],"yoast_head":"<!-- This site is optimized with the Yoast SEO plugin v21.9.1 - https:\/\/yoast.com\/wordpress\/plugins\/seo\/ -->\n<title>Kontakt - \u00d6SD - Webshop<\/title>\n<meta name=\"robots\" content=\"noindex, follow, max-snippet:-1, max-image-preview:large, max-video-preview:-1\" \/>\n<meta property=\"og:locale\" content=\"en_US\" \/>\n<meta property=\"og:type\" content=\"article\" \/>\n<meta property=\"og:title\" content=\"Kontakt - \u00d6SD - Webshop\" \/>\n<meta property=\"og:description\" content=\"Testsam GmbH Universit\u00e4tstrasse 102 9020 Klagenfurt \u00d6sterreich E-Mail: bestellung@testsam.at\" \/>\n<meta property=\"og:url\" content=\"https:\/\/testsam.dev-osd.at\/en\/kontakt\/\" \/>\n<meta property=\"og:site_name\" content=\"\u00d6SD - Webshop\" \/>\n<meta name=\"twitter:card\" content=\"summary_large_image\" \/>\n<script type=\"application\/ld+json\" class=\"yoast-schema-graph\">{\"@context\":\"https:\/\/schema.org\",\"@graph\":[{\"@type\":\"WebPage\",\"@id\":\"https:\/\/testsam.dev-osd.at\/en\/kontakt\/\",\"url\":\"https:\/\/testsam.dev-osd.at\/en\/kontakt\/\",\"name\":\"Kontakt - \u00d6SD - Webshop\",\"isPartOf\":{\"@id\":\"https:\/\/testsam.dev-osd.at\/en\/#website\"},\"datePublished\":\"2018-06-22T07:22:27+00:00\",\"dateModified\":\"2018-06-22T07:22:27+00:00\",\"inLanguage\":\"en-US\",\"potentialAction\":[{\"@type\":\"ReadAction\",\"target\":[\"https:\/\/testsam.dev-osd.at\/en\/kontakt\/\"]}]},{\"@type\":\"WebSite\",\"@id\":\"https:\/\/testsam.dev-osd.at\/en\/#website\",\"url\":\"https:\/\/testsam.dev-osd.at\/en\/\",\"name\":\"\u00d6SD - Webshop\",\"description\":\"\",\"potentialAction\":[{\"@type\":\"SearchAction\",\"target\":{\"@type\":\"EntryPoint\",\"urlTemplate\":\"https:\/\/testsam.dev-osd.at\/en\/?s={search_term_string}\"},\"query-input\":\"required name=search_term_string\"}],\"inLanguage\":\"en-US\"}]}<\/script>\n<!-- \/ Yoast SEO plugin. -->","yoast_head_json":{"title":"Kontakt - \u00d6SD - Webshop","robots":{"index":"noindex","follow":"follow","max-snippet":"max-snippet:-1","max-image-preview":"max-image-preview:large","max-video-preview":"max-video-preview:-1"},"og_locale":"en_US","og_type":"article","og_title":"Kontakt - \u00d6SD - Webshop","og_description":"Testsam GmbH Universit\u00e4tstrasse 102 9020 Klagenfurt \u00d6sterreich E-Mail: bestellung@testsam.at","og_url":"https:\/\/testsam.dev-osd.at\/en\/kontakt\/","og_site_name":"\u00d6SD - Webshop","twitter_card":"summary_large_image","schema":{"@context":"https:\/\/schema.org","@graph":[{"@type":"WebPage","@id":"https:\/\/testsam.dev-osd.at\/en\/kontakt\/","url":"https:\/\/testsam.dev-osd.at\/en\/kontakt\/","name":"Kontakt - \u00d6SD - Webshop","isPartOf":{"@id":"https:\/\/testsam.dev-osd.at\/en\/#website"},"datePublished":"2018-06-22T07:22:27+00:00","dateModified":"2018-06-22T07:22:27+00:00","inLanguage":"en-US","potentialAction":[{"@type":"ReadAction","target":["https:\/\/testsam.dev-osd.at\/en\/kontakt\/"]}]},{"@type":"WebSite","@id":"https:\/\/testsam.dev-osd.at\/en\/#website","url":"https:\/\/testsam.dev-osd.at\/en\/","name":"\u00d6SD - Webshop","description":"","potentialAction":[{"@type":"SearchAction","target":{"@type":"EntryPoint","urlTemplate":"https:\/\/testsam.dev-osd.at\/en\/?s={search_term_string}"},"query-input":"required name=search_term_string"}],"inLanguage":"en-US"}]}},"_links":{"self":[{"href":"https:\/\/testsam.dev-osd.at\/en\/wp-json\/wp\/v2\/pages\/45533","targetHints":{"allow":["GET"]}}],"collection":[{"href":"https:\/\/testsam.dev-osd.at\/en\/wp-json\/wp\/v2\/pages"}],"about":[{"href":"https:\/\/testsam.dev-osd.at\/en\/wp-json\/wp\/v2\/types\/page"}],"author":[{"embeddable":true,"href":"https:\/\/testsam.dev-osd.at\/en\/wp-json\/wp\/v2\/users\/1"}],"replies":[{"embeddable":true,"href":"https:\/\/testsam.dev-osd.at\/en\/wp-json\/wp\/v2\/comments?post=45533"}],"version-history":[{"count":0,"href":"https:\/\/testsam.dev-osd.at\/en\/wp-json\/wp\/v2\/pages\/45533\/revisions"}],"wp:attachment":[{"href":"https:\/\/testsam.dev-osd.at\/en\/wp-json\/wp\/v2\/media?parent=45533"}],"curies":[{"name":"wp","href":"https:\/\/api.w.org\/{rel}","templated":true}]}}