{"id":35529,"date":"2016-04-29T08:57:46","date_gmt":"2016-04-29T06:57:46","guid":{"rendered":"https:\/\/testsam.dev-osd.at\/impressum\/"},"modified":"2023-05-26T10:40:50","modified_gmt":"2023-05-26T08:40:50","slug":"impressum","status":"publish","type":"page","link":"https:\/\/testsam.dev-osd.at\/en\/impressum\/","title":{"rendered":"Impressum"},"content":{"rendered":"<h2>Impressum<\/h2>\n<div class=\"page-title\">\n<p><strong>TESTSAM GmbH<\/strong><br \/>\nUniversit\u00e4tsstra\u00dfe 102<br \/>\n9020 Klagenfurt<br \/>\n\u00d6sterreich<\/p>\n<p>E-Mail: info@testsam.at<br \/>\nInternet: www.testsam.at<\/p>\n<p><b>Bank details<\/b><br \/>\nK\u00e4rntner Sparkasse<br \/>\nIBAN: AT072070604400970192<br \/>\nBIC: KSPKAT2KXXX<\/p>\n<p>Tax-No.: 147\/2406<br \/>\nFinanzamt Klagenfurt<br \/>\nFN: 390957m<br \/>\nUID-Nr.:ATU67772109<\/p>\n<p>&nbsp;<\/p>\n<p>The company Testsam GmbH works in cooperation with the \u00d6SD organisation.<\/p>\n<p><span style=\"font-size: small;\">The \u00d6SD is a central, course-independent examination system in which examinations are conducted and assessed according to standardised norms. The exams are based on the level descriptions of the &#8220;Common European Framework of Reference for Languages&#8221; (CEFR) and on &#8220;Profile deutsch&#8221;.\u00a0<\/span><br \/>\n<span style=\"font-size: small;\">The \u00d6SD is a communicatively oriented examination system with the aim of testing foreign language competence in real-life situations.\u00a0<\/span><br \/>\n<span style=\"font-size: small;\">The \u00d6SD is based on a pluricentric view of language: The standard varieties of the German-speaking countries Austria, Germany and Switzerland are considered equal and taken into account accordingly. The \u00d6SD tries to reflect the diversity of the German language in order to prepare candidates for the linguistic reality in the different German-speaking countries. In the examinations, this mainly concerns the receptive area, i.e. the reading and listening comprehension tasks. Texts from all three German-speaking countries are used here.<\/span><\/p>\n<p>&nbsp;<\/p>\n<h3>The examinations are built on the following basic principles:<\/h3>\n<h4>1. Reference to reality<\/h4>\n<ul>\n<li>Texts and tasks are authentic as far as possible and adapted to real situations of use. The selection of situations in which language actions take place is relevant and representative. This includes not only the authenticity of texts and tasks, but also their situational integration.<\/li>\n<\/ul>\n<p>&nbsp;<\/p>\n<h4>2. Test formats<\/h4>\n<ul>\n<li>The tasks should reflect the candidates&#8217; abilities as closely as possible. If, for example, listening comprehension skills are tested, the result should not be biased by a task that simultaneously demands a high level of writing skills, memory performance or oral production from the respective person. Conversely, multiple-choice tasks can hardly be used to make valid statements about the productive skills of speaking and writing. In these cases, more open-ended task forms are used.<\/li>\n<\/ul>\n<p>&nbsp;<\/p>\n<h4>3. Verification areas<\/h4>\n<ul>\n<li>In order to obtain as comprehensive and differentiated a picture as possible of a person&#8217;s language competence, it is divided into individual sub-areas. The \u00d6SD distinguishes here between the communicative skills individually (reading comprehension, listening comprehension, writing, speaking) and the communicative skills in their combination (for example, listening comprehension and speaking: Converse, Reading Comprehension and Writing: Grammar and vocabulary knowledge) as well as pronunciation and spelling are regarded as subordinate areas of communicative competence and as such are only implicitly tested and assessed.<\/li>\n<\/ul>\n<h4><\/h4>\n<h4>4. Assessment<\/h4>\n<ul>\n<li>The more open and direct language tests are, the higher the demands on examiners and scorers. To ensure reliable assessment, not only are precise assessment guidelines and criteria provided, but also intensive examiner training is conducted with training on assessment.<\/li>\n<\/ul>\n<\/div>\n","protected":false},"excerpt":{"rendered":"<p>Impressum TESTSAM GmbH Universit\u00e4tsstra\u00dfe 102 9020 Klagenfurt \u00d6sterreich E-Mail: info@testsam.at Internet: www.testsam.at Bank details K\u00e4rntner Sparkasse IBAN: AT072070604400970192 BIC: KSPKAT2KXXX Tax-No.: 147\/2406 Finanzamt Klagenfurt FN:&#8230;<\/p>\n","protected":false},"author":3,"featured_media":0,"parent":0,"menu_order":0,"comment_status":"open","ping_status":"closed","template":"","meta":{"footnotes":""},"class_list":["post-35529","page","type-page","status-publish","hentry"],"acf":[],"yoast_head":"<!-- This site is optimized with the Yoast SEO plugin v21.9.1 - https:\/\/yoast.com\/wordpress\/plugins\/seo\/ -->\n<title>Impressum - \u00d6SD - Webshop<\/title>\n<meta name=\"robots\" content=\"noindex, follow, max-snippet:-1, max-image-preview:large, max-video-preview:-1\" \/>\n<meta property=\"og:locale\" content=\"en_US\" \/>\n<meta property=\"og:type\" content=\"article\" \/>\n<meta property=\"og:title\" content=\"Impressum - \u00d6SD - Webshop\" \/>\n<meta property=\"og:description\" content=\"Impressum TESTSAM GmbH Universit\u00e4tsstra\u00dfe 102 9020 Klagenfurt \u00d6sterreich E-Mail: info@testsam.at Internet: www.testsam.at Bank details K\u00e4rntner Sparkasse IBAN: AT072070604400970192 BIC: KSPKAT2KXXX Tax-No.: 147\/2406 Finanzamt Klagenfurt FN:...\" \/>\n<meta property=\"og:url\" content=\"https:\/\/testsam.dev-osd.at\/en\/impressum\/\" \/>\n<meta property=\"og:site_name\" content=\"\u00d6SD - Webshop\" \/>\n<meta property=\"article:modified_time\" content=\"2023-05-26T08:40:50+00:00\" \/>\n<meta name=\"twitter:card\" content=\"summary_large_image\" \/>\n<meta name=\"twitter:label1\" content=\"Est. reading time\" \/>\n\t<meta name=\"twitter:data1\" content=\"3 minutes\" \/>\n<script type=\"application\/ld+json\" class=\"yoast-schema-graph\">{\"@context\":\"https:\/\/schema.org\",\"@graph\":[{\"@type\":\"WebPage\",\"@id\":\"https:\/\/testsam.dev-osd.at\/en\/impressum\/\",\"url\":\"https:\/\/testsam.dev-osd.at\/en\/impressum\/\",\"name\":\"Impressum - \u00d6SD - Webshop\",\"isPartOf\":{\"@id\":\"https:\/\/testsam.dev-osd.at\/en\/#website\"},\"datePublished\":\"2016-04-29T06:57:46+00:00\",\"dateModified\":\"2023-05-26T08:40:50+00:00\",\"inLanguage\":\"en-US\",\"potentialAction\":[{\"@type\":\"ReadAction\",\"target\":[\"https:\/\/testsam.dev-osd.at\/en\/impressum\/\"]}]},{\"@type\":\"WebSite\",\"@id\":\"https:\/\/testsam.dev-osd.at\/en\/#website\",\"url\":\"https:\/\/testsam.dev-osd.at\/en\/\",\"name\":\"\u00d6SD - Webshop\",\"description\":\"\",\"potentialAction\":[{\"@type\":\"SearchAction\",\"target\":{\"@type\":\"EntryPoint\",\"urlTemplate\":\"https:\/\/testsam.dev-osd.at\/en\/?s={search_term_string}\"},\"query-input\":\"required name=search_term_string\"}],\"inLanguage\":\"en-US\"}]}<\/script>\n<!-- \/ Yoast SEO plugin. -->","yoast_head_json":{"title":"Impressum - \u00d6SD - Webshop","robots":{"index":"noindex","follow":"follow","max-snippet":"max-snippet:-1","max-image-preview":"max-image-preview:large","max-video-preview":"max-video-preview:-1"},"og_locale":"en_US","og_type":"article","og_title":"Impressum - \u00d6SD - Webshop","og_description":"Impressum TESTSAM GmbH Universit\u00e4tsstra\u00dfe 102 9020 Klagenfurt \u00d6sterreich E-Mail: info@testsam.at Internet: www.testsam.at Bank details K\u00e4rntner Sparkasse IBAN: AT072070604400970192 BIC: KSPKAT2KXXX Tax-No.: 147\/2406 Finanzamt Klagenfurt FN:...","og_url":"https:\/\/testsam.dev-osd.at\/en\/impressum\/","og_site_name":"\u00d6SD - Webshop","article_modified_time":"2023-05-26T08:40:50+00:00","twitter_card":"summary_large_image","twitter_misc":{"Est. reading time":"3 minutes"},"schema":{"@context":"https:\/\/schema.org","@graph":[{"@type":"WebPage","@id":"https:\/\/testsam.dev-osd.at\/en\/impressum\/","url":"https:\/\/testsam.dev-osd.at\/en\/impressum\/","name":"Impressum - \u00d6SD - Webshop","isPartOf":{"@id":"https:\/\/testsam.dev-osd.at\/en\/#website"},"datePublished":"2016-04-29T06:57:46+00:00","dateModified":"2023-05-26T08:40:50+00:00","inLanguage":"en-US","potentialAction":[{"@type":"ReadAction","target":["https:\/\/testsam.dev-osd.at\/en\/impressum\/"]}]},{"@type":"WebSite","@id":"https:\/\/testsam.dev-osd.at\/en\/#website","url":"https:\/\/testsam.dev-osd.at\/en\/","name":"\u00d6SD - Webshop","description":"","potentialAction":[{"@type":"SearchAction","target":{"@type":"EntryPoint","urlTemplate":"https:\/\/testsam.dev-osd.at\/en\/?s={search_term_string}"},"query-input":"required name=search_term_string"}],"inLanguage":"en-US"}]}},"_links":{"self":[{"href":"https:\/\/testsam.dev-osd.at\/en\/wp-json\/wp\/v2\/pages\/35529","targetHints":{"allow":["GET"]}}],"collection":[{"href":"https:\/\/testsam.dev-osd.at\/en\/wp-json\/wp\/v2\/pages"}],"about":[{"href":"https:\/\/testsam.dev-osd.at\/en\/wp-json\/wp\/v2\/types\/page"}],"author":[{"embeddable":true,"href":"https:\/\/testsam.dev-osd.at\/en\/wp-json\/wp\/v2\/users\/3"}],"replies":[{"embeddable":true,"href":"https:\/\/testsam.dev-osd.at\/en\/wp-json\/wp\/v2\/comments?post=35529"}],"version-history":[{"count":3,"href":"https:\/\/testsam.dev-osd.at\/en\/wp-json\/wp\/v2\/pages\/35529\/revisions"}],"predecessor-version":[{"id":35840,"href":"https:\/\/testsam.dev-osd.at\/en\/wp-json\/wp\/v2\/pages\/35529\/revisions\/35840"}],"wp:attachment":[{"href":"https:\/\/testsam.dev-osd.at\/en\/wp-json\/wp\/v2\/media?parent=35529"}],"curies":[{"name":"wp","href":"https:\/\/api.w.org\/{rel}","templated":true}]}}